{"id":229,"date":"2017-09-01T07:07:01","date_gmt":"2017-09-01T10:07:01","guid":{"rendered":"http:\/\/www.idstudio.art.br\/clientes\/agasscom\/?page_id=229"},"modified":"2017-11-12T22:26:09","modified_gmt":"2017-11-13T00:26:09","slug":"wac-world-agapornis-confederation","status":"publish","type":"page","link":"https:\/\/agasscom.org\/site\/pt\/entidades\/wac-world-agapornis-confederation\/","title":{"rendered":"WAC \u2013 World Agapornis Confederation"},"content":{"rendered":"<p><img loading=\"lazy\" decoding=\"async\" class=\"alignleft size-full wp-image-259\" src=\"https:\/\/agasscom.org\/site\/wp-content\/uploads\/logo_wac_220.png\" alt=\"WAC\" width=\"253\" height=\"220\" \/>O World Agapornis Confederation &#8211; WAC ou Confedera\u00e7\u00e3o Mundial de Agapornis \u00e9 uma marca registrada da AGASSCOM.<\/p>\n<p>O WAC \u00e9 o s\u00edmbolo da nossa miss\u00e3o de resgatar a \u201cantiga filosofia\u201d de competi\u00e7\u00e3o fraternal embasada em metodologias e conhecimentos cient\u00edficos para exibi\u00e7\u00f5es e para a cria\u00e7\u00e3o de Agapornis.<\/p>\n<p>O logotipo \u00e9 um chamado para todo entusiasta destas ador\u00e1veis aves em todo o mundo e uma forma de reunir clubes, federa\u00e7\u00f5es, confedera\u00e7\u00f5es, criadores e at\u00e9 para os que a cria\u00e7\u00e3o e exibi\u00e7\u00e3o de Agapornis s\u00e3o um hobby, em um s\u00f3 lugar para participarem deste fascinante trabalho conjunto que conta com a experi\u00eancia dos melhores criadores, ju\u00edzes e autores de \u00e2mbito mundial.<\/p>\n<p>Somos um empreendimento que foi concebido para educar e formar criadores e ju\u00edzes para que possam ter acesso \u00e0s melhores e mais atualizadas informa\u00e7\u00f5es sobre muta\u00e7\u00f5es, gen\u00e9tica, padr\u00f5es de exibi\u00e7\u00e3o, nomenclaturas e muito mais, sempre respeitando e demonstrando apre\u00e7o para com as regras e tradi\u00e7\u00f5es de cada regi\u00e3o em cada pa\u00eds.<\/p>\n<p>N\u00f3s da WAC-AGASSCOM oferecemos 4 categorias para membros para ajuda m\u00fatua. Ao se associar, voc\u00ea estar\u00e1 apoiando este trabalho pioneiro em nosso pa\u00eds para que possamos ir sempre adiante e lhe manter informado sobre padr\u00f5es, novas muta\u00e7\u00f5es, organiza\u00e7\u00e3o de exibi\u00e7\u00f5es e competi\u00e7\u00f5es, atividades de julgamento e tudo que pudermos fazer sobre a cultura das Agapornis no mundo.<\/p>\n<p>Podemos fazer ainda mais por voc\u00ea! Tamb\u00e9m oferecemos a voc\u00ea a oportunidade \u00fanica de se tornar um Juiz Internacional de Agapornis por interm\u00e9dio da nossa Escola para Ju\u00edzes de Ornitologia, a <strong>Eagle Eyes<\/strong>, que abrange de 2 a 4 anos de programa te\u00f3rico e pr\u00e1tico.<\/p>\n<p><strong>Somos um empreendimento 3 em 1 para melhor atender \u00e0s suas aspira\u00e7\u00f5es! <a href=\"https:\/\/agasscom.org\/site\/pt\/formularios\/solicitacao-de-registro\/\">Associe-se<\/a>!<\/strong><\/p>\n","protected":false},"excerpt":{"rendered":"<p>O World Agapornis Confederation &#8211; WAC ou Confedera\u00e7\u00e3o Mundial de Agapornis \u00e9 uma marca registrada da AGASSCOM. O WAC \u00e9 o s\u00edmbolo da nossa miss\u00e3o de resgatar a \u201cantiga filosofia\u201d de competi\u00e7\u00e3o fraternal embasada em metodologias e conhecimentos cient\u00edficos para exibi\u00e7\u00f5es e para a cria\u00e7\u00e3o de Agapornis. O logotipo \u00e9 um chamado para todo entusiasta [&hellip;]<\/p>\n","protected":false},"author":1,"featured_media":0,"parent":699,"menu_order":10,"comment_status":"closed","ping_status":"closed","template":"","meta":{"_acf_changed":false,"footnotes":"","_links_to":"","_links_to_target":""},"class_list":["post-229","page","type-page","status-publish","hentry"],"acf":[],"_links":{"self":[{"href":"https:\/\/agasscom.org\/site\/wp-json\/wp\/v2\/pages\/229","targetHints":{"allow":["GET"]}}],"collection":[{"href":"https:\/\/agasscom.org\/site\/wp-json\/wp\/v2\/pages"}],"about":[{"href":"https:\/\/agasscom.org\/site\/wp-json\/wp\/v2\/types\/page"}],"author":[{"embeddable":true,"href":"https:\/\/agasscom.org\/site\/wp-json\/wp\/v2\/users\/1"}],"replies":[{"embeddable":true,"href":"https:\/\/agasscom.org\/site\/wp-json\/wp\/v2\/comments?post=229"}],"version-history":[{"count":1,"href":"https:\/\/agasscom.org\/site\/wp-json\/wp\/v2\/pages\/229\/revisions"}],"predecessor-version":[{"id":702,"href":"https:\/\/agasscom.org\/site\/wp-json\/wp\/v2\/pages\/229\/revisions\/702"}],"up":[{"embeddable":true,"href":"https:\/\/agasscom.org\/site\/wp-json\/wp\/v2\/pages\/699"}],"wp:attachment":[{"href":"https:\/\/agasscom.org\/site\/wp-json\/wp\/v2\/media?parent=229"}],"curies":[{"name":"wp","href":"https:\/\/api.w.org\/{rel}","templated":true}]}}