{"id":297,"date":"2017-09-04T13:59:14","date_gmt":"2017-09-04T16:59:14","guid":{"rendered":"http:\/\/www.idstudio.art.br\/clientes\/agasscom\/?page_id=297"},"modified":"2019-03-06T15:20:05","modified_gmt":"2019-03-06T18:20:05","slug":"conselho-de-criadores-especialistas","status":"publish","type":"page","link":"https:\/\/agasscom.org\/site\/pt\/coordenacao\/conselho-de-criadores-especialistas\/","title":{"rendered":"Conselho de Criadores Especialistas"},"content":{"rendered":"<p>O Conselho de Criadores Top Experts \u00e9 constitu\u00eddo por renomados criadores de todas as partes do mundo que se destacaram por seu sucesso na cria\u00e7\u00e3o, vasto conhecimento de cores e padr\u00f5es, resultados de vit\u00f3rias em campeonatos por terem desenvolvido combina\u00e7\u00f5es inusitadas e de destaque ou identificarem novas cores e muta\u00e7\u00f5es, tendo assim contribu\u00eddo notoriamente na hist\u00f3ria do agapornismo como hobby e ci\u00eancia pelo mundo.<\/p>\n<h2>Da Fun\u00e7\u00e3o do Conselho de Criadores Especialistas (Top experts)<\/h2>\n<p>Os membros do presente conselho t\u00eam por fun\u00e7\u00e3o aconselhar, discutir, opinar, sugerir sobre aspectos t\u00e9cnicos, gen\u00e9ticos e pr\u00e1ticos de esp\u00e9cies e muta\u00e7\u00f5es de agapornis, notadamente novas cores, combina\u00e7\u00f5es dif\u00edceis e n\u00e3o usuais poss\u00edveis novas muta\u00e7\u00f5es e todo e qualquer aspecto que venha a gerar d\u00favidas e dificuldades interpretativas,<\/p>\n<h2>Constitui\u00e7\u00e3o do Conselho<\/h2>\n<p>O Conselho de Criadores Especialistas \u00e9 formado por \u201cconvite\u201d da Diretoria\/Presidente\u00a0 da Agasscom<\/p>\n<h3>Lista de conselheiros:<\/h3>\n","protected":false},"excerpt":{"rendered":"<p>O Conselho de Criadores Top Experts \u00e9 constitu\u00eddo por renomados criadores de todas as partes do mundo que se destacaram por seu sucesso na cria\u00e7\u00e3o, vasto conhecimento de cores e padr\u00f5es, resultados de vit\u00f3rias em campeonatos por terem desenvolvido combina\u00e7\u00f5es inusitadas e de destaque ou identificarem novas cores e muta\u00e7\u00f5es, tendo assim contribu\u00eddo notoriamente na [&hellip;]<\/p>\n","protected":false},"author":1,"featured_media":0,"parent":265,"menu_order":20,"comment_status":"closed","ping_status":"closed","template":"template-lista.php","meta":{"_acf_changed":false,"footnotes":"","_links_to":"","_links_to_target":""},"class_list":["post-297","page","type-page","status-publish","hentry"],"acf":[],"_links":{"self":[{"href":"https:\/\/agasscom.org\/site\/wp-json\/wp\/v2\/pages\/297","targetHints":{"allow":["GET"]}}],"collection":[{"href":"https:\/\/agasscom.org\/site\/wp-json\/wp\/v2\/pages"}],"about":[{"href":"https:\/\/agasscom.org\/site\/wp-json\/wp\/v2\/types\/page"}],"author":[{"embeddable":true,"href":"https:\/\/agasscom.org\/site\/wp-json\/wp\/v2\/users\/1"}],"replies":[{"embeddable":true,"href":"https:\/\/agasscom.org\/site\/wp-json\/wp\/v2\/comments?post=297"}],"version-history":[{"count":6,"href":"https:\/\/agasscom.org\/site\/wp-json\/wp\/v2\/pages\/297\/revisions"}],"predecessor-version":[{"id":1196,"href":"https:\/\/agasscom.org\/site\/wp-json\/wp\/v2\/pages\/297\/revisions\/1196"}],"up":[{"embeddable":true,"href":"https:\/\/agasscom.org\/site\/wp-json\/wp\/v2\/pages\/265"}],"wp:attachment":[{"href":"https:\/\/agasscom.org\/site\/wp-json\/wp\/v2\/media?parent=297"}],"curies":[{"name":"wp","href":"https:\/\/api.w.org\/{rel}","templated":true}]}}