{"id":314,"date":"2017-09-04T14:08:27","date_gmt":"2017-09-04T17:08:27","guid":{"rendered":"http:\/\/www.idstudio.art.br\/clientes\/agasscom\/?page_id=314"},"modified":"2017-11-13T00:22:33","modified_gmt":"2017-11-13T02:22:33","slug":"registros","status":"publish","type":"page","link":"https:\/\/agasscom.org\/site\/pt\/regulamentos\/registros\/","title":{"rendered":"Registros"},"content":{"rendered":"<h2>Certifica\u00e7\u00e3o<\/h2>\n<p>Todas\u00a0 as aves que foram analisadas ou julgadas pela Agasscom podem , mediante requisi\u00e7\u00e3o do criador ou do propriet\u00e1rio ter um Certificado de Fen\u00f3tipo, sendo registradas assim suas caracter\u00edsticas vis\u00edveis em um belo Certificado com a foto da ave, n\u00famero da anilha\u00a0 e qualquer outra de suas caracter\u00edsticas vis\u00edveis.<\/p>\n<p>Pre\u00e7o: USD 3,00 \/ EUR 2,00<\/p>\n<h2>Modelo do Certificado<\/h2>\n<p>(amostra em breve)<\/p>\n","protected":false},"excerpt":{"rendered":"<p>Certifica\u00e7\u00e3o Todas\u00a0 as aves que foram analisadas ou julgadas pela Agasscom podem , mediante requisi\u00e7\u00e3o do criador ou do propriet\u00e1rio ter um Certificado de Fen\u00f3tipo, sendo registradas assim suas caracter\u00edsticas vis\u00edveis em um belo Certificado com a foto da ave, n\u00famero da anilha\u00a0 e qualquer outra de suas caracter\u00edsticas vis\u00edveis. Pre\u00e7o: USD 3,00 \/ EUR [&hellip;]<\/p>\n","protected":false},"author":1,"featured_media":0,"parent":300,"menu_order":15,"comment_status":"closed","ping_status":"closed","template":"","meta":{"_acf_changed":false,"footnotes":"","_links_to":"","_links_to_target":""},"class_list":["post-314","page","type-page","status-publish","hentry"],"acf":[],"_links":{"self":[{"href":"https:\/\/agasscom.org\/site\/wp-json\/wp\/v2\/pages\/314","targetHints":{"allow":["GET"]}}],"collection":[{"href":"https:\/\/agasscom.org\/site\/wp-json\/wp\/v2\/pages"}],"about":[{"href":"https:\/\/agasscom.org\/site\/wp-json\/wp\/v2\/types\/page"}],"author":[{"embeddable":true,"href":"https:\/\/agasscom.org\/site\/wp-json\/wp\/v2\/users\/1"}],"replies":[{"embeddable":true,"href":"https:\/\/agasscom.org\/site\/wp-json\/wp\/v2\/comments?post=314"}],"version-history":[{"count":1,"href":"https:\/\/agasscom.org\/site\/wp-json\/wp\/v2\/pages\/314\/revisions"}],"predecessor-version":[{"id":752,"href":"https:\/\/agasscom.org\/site\/wp-json\/wp\/v2\/pages\/314\/revisions\/752"}],"up":[{"embeddable":true,"href":"https:\/\/agasscom.org\/site\/wp-json\/wp\/v2\/pages\/300"}],"wp:attachment":[{"href":"https:\/\/agasscom.org\/site\/wp-json\/wp\/v2\/media?parent=314"}],"curies":[{"name":"wp","href":"https:\/\/api.w.org\/{rel}","templated":true}]}}