{"id":332,"date":"2017-09-04T14:15:00","date_gmt":"2017-09-04T17:15:00","guid":{"rendered":"http:\/\/www.idstudio.art.br\/clientes\/agasscom\/?page_id=332"},"modified":"2017-11-12T22:25:33","modified_gmt":"2017-11-13T00:25:33","slug":"campeonatos","status":"publish","type":"page","link":"https:\/\/agasscom.org\/site\/pt\/campeonatos\/","title":{"rendered":"Campeonatos"},"content":{"rendered":"<p>A Agasscom presta assist\u00eancia a criadores, ju\u00edzes, Clubes, Federa\u00e7\u00f5es e Entidades relacionadas no que se refere \u00e0:<\/p>\n<ul>\n<li>Campeonatos e Exposi\u00e7\u00f5es;<\/li>\n<li>Nomenclaturas de Julgamento;<\/li>\n<li>Pontua\u00e7\u00e3o de Aves;<\/li>\n<li>Organiza\u00e7\u00e3o Geral;<\/li>\n<li>Julgamento;<\/li>\n<li>Triagem e Sele\u00e7\u00e3o de Aves.<\/li>\n<\/ul>\n<p>Suas necessidades poder\u00e3o ser atendidas a pedido, sendo as eventuais despesas correndo por conta do solicitante.<\/p>\n","protected":false},"excerpt":{"rendered":"<p>A Agasscom presta assist\u00eancia a criadores, ju\u00edzes, Clubes, Federa\u00e7\u00f5es e Entidades relacionadas no que se refere \u00e0: Campeonatos e Exposi\u00e7\u00f5es; Nomenclaturas de Julgamento; Pontua\u00e7\u00e3o de Aves; Organiza\u00e7\u00e3o Geral; Julgamento; Triagem e Sele\u00e7\u00e3o de Aves. Suas necessidades poder\u00e3o ser atendidas a pedido, sendo as eventuais despesas correndo por conta do solicitante.<\/p>\n","protected":false},"author":1,"featured_media":0,"parent":0,"menu_order":20,"comment_status":"closed","ping_status":"closed","template":"","meta":{"_acf_changed":false,"footnotes":"","_links_to":"","_links_to_target":""},"class_list":["post-332","page","type-page","status-publish","hentry"],"acf":[],"_links":{"self":[{"href":"https:\/\/agasscom.org\/site\/wp-json\/wp\/v2\/pages\/332","targetHints":{"allow":["GET"]}}],"collection":[{"href":"https:\/\/agasscom.org\/site\/wp-json\/wp\/v2\/pages"}],"about":[{"href":"https:\/\/agasscom.org\/site\/wp-json\/wp\/v2\/types\/page"}],"author":[{"embeddable":true,"href":"https:\/\/agasscom.org\/site\/wp-json\/wp\/v2\/users\/1"}],"replies":[{"embeddable":true,"href":"https:\/\/agasscom.org\/site\/wp-json\/wp\/v2\/comments?post=332"}],"version-history":[{"count":1,"href":"https:\/\/agasscom.org\/site\/wp-json\/wp\/v2\/pages\/332\/revisions"}],"predecessor-version":[{"id":698,"href":"https:\/\/agasscom.org\/site\/wp-json\/wp\/v2\/pages\/332\/revisions\/698"}],"wp:attachment":[{"href":"https:\/\/agasscom.org\/site\/wp-json\/wp\/v2\/media?parent=332"}],"curies":[{"name":"wp","href":"https:\/\/api.w.org\/{rel}","templated":true}]}}