{"id":342,"date":"2017-09-04T14:18:23","date_gmt":"2017-09-04T17:18:23","guid":{"rendered":"http:\/\/www.idstudio.art.br\/clientes\/agasscom\/?page_id=342"},"modified":"2017-11-13T21:13:37","modified_gmt":"2017-11-13T23:13:37","slug":"torne-se-um-membro","status":"publish","type":"page","link":"https:\/\/agasscom.org\/site\/pt\/membros\/torne-se-um-membro\/","title":{"rendered":"Torne-se um Membro"},"content":{"rendered":"<h2>Associe-se assinando a nossa revista AGASSCOM NEWS<\/h2>\n<p>Seja um \u201cMEMBRO AMIGO\u201d da AGASSCOM \u2013 WAC (World Agapornis Confederation)<\/p>\n<p>Como membro e amigo da <strong>AGASSCOM (AGASSCOM &#8211; WAC)<\/strong> voc\u00ea est\u00e1 na melhor op\u00e7\u00e3o de participar e ajudar nosso trabalho em organizar Campeonatos de Agapornis Padr\u00e3o Exposi\u00e7\u00e3o (Show type) da WAC (World Agapornis Confederation) e de nossa escola de ju\u00edzes de Agapornis a <strong>Eagle Eyes School for Ornithology Judges<\/strong>. Assinando nossa revista voc\u00ea vai estar atualizado e inserido como criador entre os mais experientes do mundo nos eventos da Agasscom atrav\u00e9s deste website, internacional, sempre informado sobre nossos eventos locais, nacionais e regionais em seu pa\u00eds recebendo nossa revista mensalmente por e-mail.<\/p>\n<p>Voc\u00ea estar\u00e1 sempre se enriquecendo de um conhecimento especial. Junte-se a n\u00f3s, assine agora <strong>AGASSCOM NEWS<\/strong> e esteja engajado em nosso compromisso de coloc\u00e1-lo na lideran\u00e7a da cria\u00e7\u00e3o de Agapornis, na sua ci\u00eancia, cuidados, educa\u00e7\u00e3o e sustentabilidade.<\/p>\n<p>Como membro assinante ativo <strong>AGASSCOM &#8211; WAC<\/strong> desfrute de um ano de benef\u00edcios especiais, como um ano de assinatura da REVISTA AGASSCOM em PDF via e-mail atualizando-se nos padr\u00f5es, muta\u00e7\u00f5es, novas cores em estudo, gen\u00e9tica, prioridade nas inscri\u00e7\u00f5es de campeonatos e cursos, inclusive acesso \u00e0s atividades e eventos <strong>AGASSCOM<\/strong>.<\/p>\n<p>Veja mais sobre as v\u00e1rias oportunidades que o membro assinante <strong>AGASSCOM &#8211; WAC<\/strong> tem a receber assinando <strong>AGASSCOM NEWS<\/strong>. Torne-se um membro assinante hoje!<\/p>\n<p style=\"text-align: right;\"><button type=\"button\" class=\"button\" data-toggle=\"modal\" data-target=\"membership_form\" data-complete=\"selecionarTipo(&#039;newsletter&#039;)\">Assine hoje mesmo<\/button><\/p>\n<p><em>Para mais informa\u00e7\u00f5es sobre assinatura e associa\u00e7\u00e3o \u00e0 <\/em><strong>AGASSCOM \u2013 WAC <\/strong>basta nos contatar <a href=\"https:\/\/agasscom.org\/site\/pt\/contato\/\">aqui<\/a>.<\/p>\n<h3>PRINCIPAIS BENEF\u00cdCIOS DO ASSINANTE MEMBRO AGASSCOM &#8211; WAC:<\/h3>\n<ul>\n<li>Um ano de assinatura da <strong>AGASSCOM NEWS<\/strong>, uma atualiza\u00e7\u00e3o que vai receber mensalmente por e-mail em PDF sobre Agapornis e sua muta\u00e7\u00f5es.<\/li>\n<li>Acesso direto a consultas via e-mail com Dr. Alessandro D\u2019Angieri e nosso Quadro de Especialistas para resolver suas d\u00favidas.<\/li>\n<li>Acesso priorit\u00e1rio em iniciar um estudo conjunto de uma nova muta\u00e7\u00e3o que venha a surgir em seu criadouro.<\/li>\n<li>Ser um forte conservacionista e reconhecido criador no mundo internacional dos Agapornis.<\/li>\n<\/ul>\n<h3>Um ano de assinatura AGASSCOM NEWS + Criador membro da AGASSCOM<\/h3>\n<p>Assine <strong>AGASSCOM NEWS<\/strong> e torne-se um criador <strong>AGASSCOM &#8211; WAC<\/strong>. Desfrute dos benef\u00edcios de receber mensalmente nossa revista em PDF.<\/p>\n<p>Apenas<strong> USD $25,00<\/strong> ao ano.<\/p>\n<p style=\"text-align: right;\"><button type=\"button\" class=\"button\" data-toggle=\"modal\" data-target=\"membership_form\" data-complete=\"selecionarTipo(&#039;newsletter&#039;)\">Assine hoje mesmo<\/button><\/p>\n<h2>Categoria Juiz Colaborador<\/h2>\n<p>Um Juiz Colaborador \u00e9 um juiz membro por solicita\u00e7\u00e3o pr\u00f3pria. Para ser aprovado como Juiz Colaborador \u00e9 obrigat\u00f3rio j\u00e1 ser um juiz reconhecido e titulado por uma institui\u00e7\u00e3o j\u00e1 reconhecida e oficial de qualquer parte do mundo. A institui\u00e7\u00e3o pode ser local ou regional de um pa\u00eds ou mesmo internacional.<\/p>\n<p>Nessa categoria, voc\u00ea como juiz pode sugerir seus \u201cpadr\u00f5es de julgamento de muta\u00e7\u00f5es\u201d como contribui\u00e7\u00e3o para os regulamentos e atualiza\u00e7\u00f5es da <strong>WAC<\/strong>. Ter\u00e1 acesso especial e direito de contribuir com artigos, ser convidado para palestras, textos em nosso website etc. contribuindo sempre em eventos e mostrando sua participa\u00e7\u00e3o e experi\u00eancia como parte integrante da <strong>AGASSCOM &#8211; WAC<\/strong> e ao mesmo tempo contribuir para o enriquecimento e manter os estudos sobre os padr\u00f5es de Agapornis no mundo.<\/p>\n<p><u>Para esta categoria de associado voc\u00ea deve <a href=\"https:\/\/agasscom.org\/site\/pt\/contato\/\">requerer neste link<\/a> sua inclus\u00e3o que ser\u00e1 analisada e poder\u00e1 ou n\u00e3o ser aprovada.<\/u><\/p>\n<p>Principais requisitos:<\/p>\n<ul>\n<li>Ser um juiz formado e aprovado por qualquer organiza\u00e7\u00e3o reconhecida e oficial do mundo.<\/li>\n<li>Preencher o formul\u00e1rio de solicita\u00e7\u00e3o na categoria e juntar documentos que comprovem seu \u201cstatus\u201d de juiz. O pagamento da anuidade s\u00f3 ser\u00e1 feito ap\u00f3s an\u00e1lise e aprova\u00e7\u00e3o de sua solicita\u00e7\u00e3o.<\/li>\n<\/ul>\n<p>Nessa categoria voc\u00ea como juiz pode sugerir seus \u201cpadr\u00f5es de julgamento de muta\u00e7\u00f5es\u201d como contribui\u00e7\u00e3o para os regulamentos e atualiza\u00e7\u00f5es da <strong>WAC<\/strong>. Ter\u00e1 acesso especial e direito de contribuir com artigos, ser convidado para palestras, textos em nosso website etc. contribuindo sempre em eventos e mostrando sua participa\u00e7\u00e3o e experi\u00eancia como parte integrante da <strong>AGASSCOM &#8211; WAC<\/strong> e ao mesmo tempo contribuir para o enriquecimento e manter os estudos sobre os padr\u00f5es de Agapornis no mundo.<\/p>\n<p>Pre\u00e7o da categoria<strong> USD $100<\/strong> anuais.<\/p>\n<p style=\"text-align: right;\"><button type=\"button\" class=\"button\" data-toggle=\"modal\" data-target=\"collaborator_judge_form\">Quero me associar<\/button><\/p>\n<h2>Categoria Corporativa<\/h2>\n<p>Clubes, Associa\u00e7\u00f5es, Federa\u00e7\u00f5es, Entidades p\u00fablicas e privadas Regionais, Nacionais, Internacionais. \u00a0\u00a0Entidades de quaisquer categorias sejam p\u00fabicas ou privadas relacionadas a Agapornis podem juntar-se a n\u00f3s utilizando-se dos nossos servi\u00e7os \u00a0de\u00a0 assessoria a campeonatos, julgamentos e eventos em qualquer parte do mundo.<\/p>\n<p>Ades\u00f5es come\u00e7am em:<br \/>\n<strong>USD $ 200,00 anuais &#8211; Clubes e Associa\u00e7\u00f5es + USD 25,00 por membro associado<br \/>\n<\/strong><strong>USD $ 400,00 anuais \u2013 Federa\u00e7\u00f5es e Entidades associativas de \u00e2mbito Nacional<\/strong><\/p>\n<p style=\"text-align: right;\"><button type=\"button\" class=\"button\" data-toggle=\"modal\" data-target=\"membership_form\" data-complete=\"selecionarTipo(&#039;corporate&#039;)\">Quero me associar<\/button><\/p>\n<h2>Categoria Membro do Corpo Internacional de Ju\u00edzes Agasscom<\/h2>\n<p>O Juiz <strong>AGASSCOM &#8211; WAC<\/strong> \u00e9 pe\u00e7a principal que d\u00e1 suporte intelectual e cientifico ao nosso trabalho em manter e estudar os \u201cpadr\u00f5es de julgamento\u201d dos Agapornis. Constituem-se de todos e somente dos ju\u00edzes formados como assistentes pela <strong>Eagle Eyes School<\/strong> em qualquer parte do Mundo.<\/p>\n<p>Para ser aceito neste grupo elitizado de ju\u00edzes voc\u00ea precisa juntar-se a n\u00f3s, estudar e graduar-se em nossa escola, a <strong>Eagle Eyes School for Ornithology Judges<\/strong>. O curso tem dura\u00e7\u00e3o de 2 a 4 anos e ser\u00e1 feito individualmente a dist\u00e2ncia via Internet, videoconfer\u00eancias e aulas pelo nosso Coordenador Dr. Alessandro D\u2019Angieri e palestrantes convidados. No final do curso ser\u00e1 obrigat\u00f3rio a presen\u00e7a do aluno para realizar exames te\u00f3ricos e pr\u00e1ticos. Isto poder\u00e1 ser feito em seu pr\u00f3prio pa\u00eds ou regi\u00e3o ou em qualquer evento <strong>AGASSCOM<\/strong> no mundo, sempre sob a supervis\u00e3o e coordena\u00e7\u00e3o do Dr. D\u2019Angieri.<\/p>\n<p>Aproveite a chance de se tornar um Juiz Internacional de Agapornis, um \u201cEagles Eyes International Assistant Judge\u201d e ter a melhor e maior experi\u00eancia sobre o mundo da cria\u00e7\u00e3o e campeonatos de Agapornis no mundo.<\/p>\n<p><strong>Valores a partir de USD \u00a0$ 960 <\/strong>\u00a0anuais para a <strong>Eagle Eyes School for Ornithology Judges<\/strong><\/p>\n<p>Est\u00e3o inclusos:<\/p>\n<ul>\n<li>04 anos de curso<\/li>\n<li>Assinatura da AGASSCOM NEWS por todo o per\u00edodo do curso.<\/li>\n<li>Material did\u00e1tico<\/li>\n<li>Aulas a dist\u00e2ncia via Internet, no m\u00ednimo uma a cada 10 dias<\/li>\n<li>Acesso livre e direto a coordena\u00e7\u00e3o para esclarecimento de d\u00favidas sobre as atividades relacionadas a Agapornis.<\/li>\n<\/ul>\n<p><strong>N\u00e3o est\u00e1 inclu\u00eddo<\/strong> \u2013 despesas com Viagens, passagens a\u00e9reas, di\u00e1rias de hot\u00e9is, hospedagens, alimenta\u00e7\u00e3o etc., em qualquer evento presencial da <strong>AGASSCOM<\/strong> nas etapas finais do curso onde dever\u00e1 prestar exames pr\u00e1ticos e te\u00f3ricos para sua aprova\u00e7\u00e3o final.<\/p>\n<p style=\"text-align: right;\"><a href=\"https:\/\/agasscom.org\/site\/pt\/contato\/\">Entre em contato conosco<\/a><\/p>\n<h2>Categoria Membro Criador Registrado de Aves Aneladas: Somente para o Brasil<\/h2>\n<p>Para criadores que desejem adquirir anilhas legalizadas pelo IBAMA com seu CTF (Cadastro T\u00e9cnico Federal) precisam ser afiliados a um Clube Ornitol\u00f3gico local, por sua vez associado a <strong>AGASSCOM<\/strong>. Caso voc\u00ea perten\u00e7a a um clube que n\u00e3o esteja associado a nos, voc\u00ea pode pedir para que seu clube se torne um <strong>Membro Corporativo<\/strong> da <strong>AGASSCOM <\/strong>ou se afiliar a um dos nossos Clubes Membros. Neste caso, cada entidade cobra sua taxa de afilia\u00e7\u00e3o que ser\u00e1 somada a sua afilia\u00e7\u00e3o a nos.<\/p>\n<p>Veja a lista de Clubes Afiliados <a href=\"https:\/\/agasscom.org\/site\/pt\/entidades\/clubes-e-federacoes\/\">aqui<\/a>.<\/p>\n<p style=\"text-align: right;\"><button type=\"button\" class=\"button\" data-toggle=\"modal\" data-target=\"registered_breeder_form\">Quero me associar<\/button><\/p>\n","protected":false},"excerpt":{"rendered":"<p>Associe-se assinando a nossa revista AGASSCOM NEWS Seja um \u201cMEMBRO AMIGO\u201d da AGASSCOM \u2013 WAC (World Agapornis Confederation) Como membro e amigo da AGASSCOM (AGASSCOM &#8211; WAC) voc\u00ea est\u00e1 na melhor op\u00e7\u00e3o de participar e ajudar nosso trabalho em organizar Campeonatos de Agapornis Padr\u00e3o Exposi\u00e7\u00e3o (Show type) da WAC (World Agapornis Confederation) e de nossa [&hellip;]<\/p>\n","protected":false},"author":1,"featured_media":0,"parent":709,"menu_order":5,"comment_status":"closed","ping_status":"closed","template":"","meta":{"_acf_changed":false,"footnotes":"","_links_to":"","_links_to_target":""},"class_list":["post-342","page","type-page","status-publish","hentry"],"acf":[],"_links":{"self":[{"href":"https:\/\/agasscom.org\/site\/wp-json\/wp\/v2\/pages\/342","targetHints":{"allow":["GET"]}}],"collection":[{"href":"https:\/\/agasscom.org\/site\/wp-json\/wp\/v2\/pages"}],"about":[{"href":"https:\/\/agasscom.org\/site\/wp-json\/wp\/v2\/types\/page"}],"author":[{"embeddable":true,"href":"https:\/\/agasscom.org\/site\/wp-json\/wp\/v2\/users\/1"}],"replies":[{"embeddable":true,"href":"https:\/\/agasscom.org\/site\/wp-json\/wp\/v2\/comments?post=342"}],"version-history":[{"count":5,"href":"https:\/\/agasscom.org\/site\/wp-json\/wp\/v2\/pages\/342\/revisions"}],"predecessor-version":[{"id":946,"href":"https:\/\/agasscom.org\/site\/wp-json\/wp\/v2\/pages\/342\/revisions\/946"}],"up":[{"embeddable":true,"href":"https:\/\/agasscom.org\/site\/wp-json\/wp\/v2\/pages\/709"}],"wp:attachment":[{"href":"https:\/\/agasscom.org\/site\/wp-json\/wp\/v2\/media?parent=342"}],"curies":[{"name":"wp","href":"https:\/\/api.w.org\/{rel}","templated":true}]}}