{"id":353,"date":"2017-09-04T14:21:51","date_gmt":"2017-09-04T17:21:51","guid":{"rendered":"http:\/\/www.idstudio.art.br\/clientes\/agasscom\/?page_id=353"},"modified":"2018-05-09T07:54:37","modified_gmt":"2018-05-09T10:54:37","slug":"mutacoes-em-estudo","status":"publish","type":"page","link":"https:\/\/agasscom.org\/site\/pt\/padroes-e-nomenclatura\/mutacoes-em-estudo\/","title":{"rendered":"Muta\u00e7\u00f5es em Estudo"},"content":{"rendered":"<p>Todos os dias, em algum lugar do mundo novas \u201cmuta\u00e7\u00f5es\u201d surgem e desaparecem nos mais variados tipos de esp\u00e9cies animais, incluindo humanos.<\/p>\n<p>Criadores de Agapornis do mundo inteiro nos escrevem a respeito de \u201cnovos fen\u00f3tipos\u201d que tem aparecido e parecem ser transmitidos geneticamente, o que significa uma \u201cnova muta\u00e7\u00e3o\u201d!<\/p>\n<p>Assim este \u00e9 o in\u00edcio, depois vir\u00e3o testes e cruzamentos a serem feitos para definir sua heran\u00e7a, comportamento gen\u00e9tico e principalmente se \u00e9 uma nova muta\u00e7\u00e3o. Enquanto isto novo nome precisa ser criado, ou mesmo novos modelos gen\u00e9ticos para explicar o seu comportamento.<\/p>\n<p>Aqui iremos mant\u00ea-los sempre atualizados sobre a evolu\u00e7\u00e3o de novas muta\u00e7\u00f5es e cores ainda sendo testadas e estudadas e assim que definidas voc\u00ea saber\u00e1.<\/p>\n<p>Caso queira informar-nos de uma poss\u00edvel cor nova e ter nossa orienta\u00e7\u00e3o para estuda-la sinta-se livre em escrever-nos e enviar fotos, participe. Contate-nos em <a href=\"mailto:info@agasscom.org\">info@agasscom.org<\/a>.<\/p>\n","protected":false},"excerpt":{"rendered":"<p>Todos os dias, em algum lugar do mundo novas \u201cmuta\u00e7\u00f5es\u201d surgem e desaparecem nos mais variados tipos de esp\u00e9cies animais, incluindo humanos. Criadores de Agapornis do mundo inteiro nos escrevem a respeito de \u201cnovos fen\u00f3tipos\u201d que tem aparecido e parecem ser transmitidos geneticamente, o que significa uma \u201cnova muta\u00e7\u00e3o\u201d! Assim este \u00e9 o in\u00edcio, depois [&hellip;]<\/p>\n","protected":false},"author":1,"featured_media":0,"parent":218,"menu_order":20,"comment_status":"closed","ping_status":"closed","template":"template-lista.php","meta":{"_acf_changed":false,"footnotes":"","_links_to":"","_links_to_target":""},"class_list":["post-353","page","type-page","status-publish","hentry"],"acf":[],"_links":{"self":[{"href":"https:\/\/agasscom.org\/site\/wp-json\/wp\/v2\/pages\/353","targetHints":{"allow":["GET"]}}],"collection":[{"href":"https:\/\/agasscom.org\/site\/wp-json\/wp\/v2\/pages"}],"about":[{"href":"https:\/\/agasscom.org\/site\/wp-json\/wp\/v2\/types\/page"}],"author":[{"embeddable":true,"href":"https:\/\/agasscom.org\/site\/wp-json\/wp\/v2\/users\/1"}],"replies":[{"embeddable":true,"href":"https:\/\/agasscom.org\/site\/wp-json\/wp\/v2\/comments?post=353"}],"version-history":[{"count":6,"href":"https:\/\/agasscom.org\/site\/wp-json\/wp\/v2\/pages\/353\/revisions"}],"predecessor-version":[{"id":1116,"href":"https:\/\/agasscom.org\/site\/wp-json\/wp\/v2\/pages\/353\/revisions\/1116"}],"up":[{"embeddable":true,"href":"https:\/\/agasscom.org\/site\/wp-json\/wp\/v2\/pages\/218"}],"wp:attachment":[{"href":"https:\/\/agasscom.org\/site\/wp-json\/wp\/v2\/media?parent=353"}],"curies":[{"name":"wp","href":"https:\/\/api.w.org\/{rel}","templated":true}]}}