{"id":358,"date":"2017-09-04T14:23:11","date_gmt":"2017-09-04T17:23:11","guid":{"rendered":"http:\/\/www.idstudio.art.br\/clientes\/agasscom\/?page_id=358"},"modified":"2017-11-30T11:25:13","modified_gmt":"2017-11-30T13:25:13","slug":"formularios-oficiais","status":"publish","type":"page","link":"https:\/\/agasscom.org\/site\/pt\/formularios\/formularios-oficiais\/","title":{"rendered":"Formul\u00e1rios Oficiais"},"content":{"rendered":"<p>Voc\u00ea pode baixar os nosso formul\u00e1rios de associa\u00e7\u00e3o para impress\u00e3o nesta p\u00e1gina.<\/p>\n<p>Se deseja saber mais sobre as modalidades de associa\u00e7\u00e3o, ou deseja afiliar-se online, acesse a p\u00e1gina <a href=\"https:\/\/agasscom.org\/site\/pt\/membros\/torne-se-um-membro\/\">Torne-se um Membro<\/a>.<\/p>\n","protected":false},"excerpt":{"rendered":"<p>Voc\u00ea pode baixar os nosso formul\u00e1rios de associa\u00e7\u00e3o para impress\u00e3o nesta p\u00e1gina. Se deseja saber mais sobre as modalidades de associa\u00e7\u00e3o, ou deseja afiliar-se online, acesse a p\u00e1gina Torne-se um Membro.<\/p>\n","protected":false},"author":1,"featured_media":0,"parent":232,"menu_order":0,"comment_status":"closed","ping_status":"closed","template":"template-lista.php","meta":{"_acf_changed":false,"footnotes":"","_links_to":"","_links_to_target":""},"class_list":["post-358","page","type-page","status-publish","hentry"],"acf":[],"_links":{"self":[{"href":"https:\/\/agasscom.org\/site\/wp-json\/wp\/v2\/pages\/358","targetHints":{"allow":["GET"]}}],"collection":[{"href":"https:\/\/agasscom.org\/site\/wp-json\/wp\/v2\/pages"}],"about":[{"href":"https:\/\/agasscom.org\/site\/wp-json\/wp\/v2\/types\/page"}],"author":[{"embeddable":true,"href":"https:\/\/agasscom.org\/site\/wp-json\/wp\/v2\/users\/1"}],"replies":[{"embeddable":true,"href":"https:\/\/agasscom.org\/site\/wp-json\/wp\/v2\/comments?post=358"}],"version-history":[{"count":4,"href":"https:\/\/agasscom.org\/site\/wp-json\/wp\/v2\/pages\/358\/revisions"}],"predecessor-version":[{"id":1007,"href":"https:\/\/agasscom.org\/site\/wp-json\/wp\/v2\/pages\/358\/revisions\/1007"}],"up":[{"embeddable":true,"href":"https:\/\/agasscom.org\/site\/wp-json\/wp\/v2\/pages\/232"}],"wp:attachment":[{"href":"https:\/\/agasscom.org\/site\/wp-json\/wp\/v2\/media?parent=358"}],"curies":[{"name":"wp","href":"https:\/\/api.w.org\/{rel}","templated":true}]}}