{"id":364,"date":"2017-09-04T14:25:07","date_gmt":"2017-09-04T17:25:07","guid":{"rendered":"http:\/\/www.idstudio.art.br\/clientes\/agasscom\/?page_id=364"},"modified":"2018-03-15T13:07:08","modified_gmt":"2018-03-15T16:07:08","slug":"juizes-convidados","status":"publish","type":"page","link":"https:\/\/agasscom.org\/site\/pt\/coordenacao\/corpo-de-juizes\/juizes-convidados\/","title":{"rendered":"Ju\u00edzes Convidados"},"content":{"rendered":"<p><img loading=\"lazy\" decoding=\"async\" class=\"wp-image-729 size-full alignleft\" style=\"margin: 0 20px 20px -5px;\" src=\"https:\/\/agasscom.org\/site\/wp-content\/uploads\/juiz_senior.png\" alt=\"Ju\u00edz de Agapornis e Psitacinos - Federa\u00e7\u00e3o de Ornitologia Brasileira \u2013 FOB Agapornis-Cocktiels-Neophemas-Parraquets-Parrots Judge \u2013 Ordre Mondial de Juges-Experts - O.M.J - AGASSCOM-WAC - JU\u00cdZ S\u00caNIOR DE AGAPORNIS\" width=\"222\" height=\"516\" srcset=\"https:\/\/agasscom.org\/site\/wp-content\/uploads\/juiz_senior.png 222w, https:\/\/agasscom.org\/site\/wp-content\/uploads\/juiz_senior-215x500.png 215w\" sizes=\"auto, (max-width: 222px) 100vw, 222px\" \/><\/p>\n<h1>Ju\u00edzes Convidados<\/h1>\n<p>Ju\u00edzes convidados s\u00e3o ju\u00edzes capacitados de qualquer parte do mundo, reconhecidos por alguma institui\u00e7\u00e3o oficial local ou internacional e de comprovada compet\u00eancia e, portanto convidados pelo nosso Presidente e Juiz S\u00eanior a fazerem parte da equipe de ju\u00edzes da Agasscom \u2013 Confedera\u00e7\u00e3o Mundial de Agapornis (WAC).<\/p>\n<p>Ju\u00edzes convidados podem, por meio de convite, participar de eventos, auxiliar na administra\u00e7\u00e3o de eventos, julgar campeonatos e serem membros ativos para os fins da Confedera\u00e7\u00e3o.<\/p>\n<h2>Lista de Ju\u00edzes Convidados<\/h2>\n<p>&nbsp;<\/p>\n","protected":false},"excerpt":{"rendered":"<p>Ju\u00edzes Convidados Ju\u00edzes convidados s\u00e3o ju\u00edzes capacitados de qualquer parte do mundo, reconhecidos por alguma institui\u00e7\u00e3o oficial local ou internacional e de comprovada compet\u00eancia e, portanto convidados pelo nosso Presidente e Juiz S\u00eanior a fazerem parte da equipe de ju\u00edzes da Agasscom \u2013 Confedera\u00e7\u00e3o Mundial de Agapornis (WAC). Ju\u00edzes convidados podem, por meio de convite, [&hellip;]<\/p>\n","protected":false},"author":1,"featured_media":0,"parent":293,"menu_order":10,"comment_status":"closed","ping_status":"closed","template":"template-lista.php","meta":{"_acf_changed":false,"footnotes":"","_links_to":"","_links_to_target":""},"class_list":["post-364","page","type-page","status-publish","hentry"],"acf":[],"_links":{"self":[{"href":"https:\/\/agasscom.org\/site\/wp-json\/wp\/v2\/pages\/364","targetHints":{"allow":["GET"]}}],"collection":[{"href":"https:\/\/agasscom.org\/site\/wp-json\/wp\/v2\/pages"}],"about":[{"href":"https:\/\/agasscom.org\/site\/wp-json\/wp\/v2\/types\/page"}],"author":[{"embeddable":true,"href":"https:\/\/agasscom.org\/site\/wp-json\/wp\/v2\/users\/1"}],"replies":[{"embeddable":true,"href":"https:\/\/agasscom.org\/site\/wp-json\/wp\/v2\/comments?post=364"}],"version-history":[{"count":6,"href":"https:\/\/agasscom.org\/site\/wp-json\/wp\/v2\/pages\/364\/revisions"}],"predecessor-version":[{"id":1072,"href":"https:\/\/agasscom.org\/site\/wp-json\/wp\/v2\/pages\/364\/revisions\/1072"}],"up":[{"embeddable":true,"href":"https:\/\/agasscom.org\/site\/wp-json\/wp\/v2\/pages\/293"}],"wp:attachment":[{"href":"https:\/\/agasscom.org\/site\/wp-json\/wp\/v2\/media?parent=364"}],"curies":[{"name":"wp","href":"https:\/\/api.w.org\/{rel}","templated":true}]}}