{"id":365,"date":"2017-09-04T14:25:32","date_gmt":"2017-09-04T17:25:32","guid":{"rendered":"http:\/\/www.idstudio.art.br\/clientes\/agasscom\/?page_id=365"},"modified":"2017-11-13T08:29:42","modified_gmt":"2017-11-13T10:29:42","slug":"juizes-colaboradores","status":"publish","type":"page","link":"https:\/\/agasscom.org\/site\/pt\/coordenacao\/corpo-de-juizes\/juizes-colaboradores\/","title":{"rendered":"Ju\u00edzes Colaboradores"},"content":{"rendered":"<p>Ju\u00edzes colaboradores s\u00e3o ju\u00edzes capacitados de qualquer parte do mundo, reconhecidos por alguma institui\u00e7\u00e3o oficial local ou internacional.<\/p>\n<p>Estas categorias podem levar as contribui\u00e7\u00f5es dos padr\u00f5es de suas pr\u00f3prias institui\u00e7\u00f5es ao pr\u00f3ximo n\u00edvel. Desde o acesso a dados especiais e contribui\u00e7\u00f5es pessoais para com artigos, palestras, sites, eventos e assim por diante, para maior aproveitamento da experi\u00eancia FWAC-AGASSCOM enquanto ajudam a manter o estudo dos padr\u00f5es dos Agapornis em todo o mundo.<\/p>\n","protected":false},"excerpt":{"rendered":"<p>Ju\u00edzes colaboradores s\u00e3o ju\u00edzes capacitados de qualquer parte do mundo, reconhecidos por alguma institui\u00e7\u00e3o oficial local ou internacional. Estas categorias podem levar as contribui\u00e7\u00f5es dos padr\u00f5es de suas pr\u00f3prias institui\u00e7\u00f5es ao pr\u00f3ximo n\u00edvel. Desde o acesso a dados especiais e contribui\u00e7\u00f5es pessoais para com artigos, palestras, sites, eventos e assim por diante, para maior aproveitamento [&hellip;]<\/p>\n","protected":false},"author":1,"featured_media":0,"parent":293,"menu_order":5,"comment_status":"closed","ping_status":"closed","template":"","meta":{"_acf_changed":false,"footnotes":"","_links_to":"","_links_to_target":""},"class_list":["post-365","page","type-page","status-publish","hentry"],"acf":[],"_links":{"self":[{"href":"https:\/\/agasscom.org\/site\/wp-json\/wp\/v2\/pages\/365","targetHints":{"allow":["GET"]}}],"collection":[{"href":"https:\/\/agasscom.org\/site\/wp-json\/wp\/v2\/pages"}],"about":[{"href":"https:\/\/agasscom.org\/site\/wp-json\/wp\/v2\/types\/page"}],"author":[{"embeddable":true,"href":"https:\/\/agasscom.org\/site\/wp-json\/wp\/v2\/users\/1"}],"replies":[{"embeddable":true,"href":"https:\/\/agasscom.org\/site\/wp-json\/wp\/v2\/comments?post=365"}],"version-history":[{"count":3,"href":"https:\/\/agasscom.org\/site\/wp-json\/wp\/v2\/pages\/365\/revisions"}],"predecessor-version":[{"id":888,"href":"https:\/\/agasscom.org\/site\/wp-json\/wp\/v2\/pages\/365\/revisions\/888"}],"up":[{"embeddable":true,"href":"https:\/\/agasscom.org\/site\/wp-json\/wp\/v2\/pages\/293"}],"wp:attachment":[{"href":"https:\/\/agasscom.org\/site\/wp-json\/wp\/v2\/media?parent=365"}],"curies":[{"name":"wp","href":"https:\/\/api.w.org\/{rel}","templated":true}]}}