{"id":58,"date":"2017-07-09T00:58:44","date_gmt":"2017-07-09T03:58:44","guid":{"rendered":"http:\/\/localhost\/agasscom\/?page_id=58"},"modified":"2019-02-20T00:42:13","modified_gmt":"2019-02-20T03:42:13","slug":"bem-vindo-a-agasscom","status":"publish","type":"page","link":"https:\/\/agasscom.org\/site\/pt\/bem-vindo-a-agasscom\/","title":{"rendered":"Bem-vindo \u00e0 AGASSCOM"},"content":{"rendered":"\n<p>A AGASSCOM \u00e9 um dedicado centro de estudos e desenvolvimento para definir e estabelecer os padr\u00f5es mais amplamente conhecidos para exibi\u00e7\u00f5es de Agapornis, sob a coordena\u00e7\u00e3o do Dr. Alessandro D\u2019Angieri, avicultor de renome internacional, juiz internacional de ornitologia e membro da prestigiada Confederation Ornithologique Mondiale.<\/p>\n\n<p>Os Agapornis, ou Lovebirds como s\u00e3o conhecidos em Ingl\u00eas, s\u00e3o um grupo de aves assemelhadas aos papagaios do g\u00eanero Agapornis, composto de 8 esp\u00e9cies de interesse para exibi\u00e7\u00f5es e 1 esp\u00e9cie encontrada em estado selvagem.<\/p>\n<p>Aqui voc\u00ea encontrar\u00e1 informa\u00e7\u00f5es valiosas compartilhadas pelo Dr. Alessandro D\u2019Angieri, colhidas dos seus 45 anos de experi\u00eancia na cria\u00e7\u00e3o de aves e 20 anos como juiz de centenas de Shows em todo o mundo, juntamente com contribui\u00e7\u00f5es igualmente valiosas de personalidades de renome, criadores de primeira linha e de clubes e federa\u00e7\u00f5es de todas as partes do mundo.<\/p>\n<p>J\u00e1 que est\u00e1 aqui, considere afiliar-se \u00e0 AGASSCOM como membro e ajude a apoiar este fascinante e \u00fatil reposit\u00f3rio de informa\u00e7\u00f5es cient\u00edficas e orienta\u00e7\u00f5es seguras de exibi\u00e7\u00e3o para criadores e entusiastas do maravilhoso universo dos Agapornis.<\/p>\n<p>Voc\u00ea encontrar\u00e1 todas as informa\u00e7\u00f5es que precisa na coluna da esquerda nesta p\u00e1gina.<\/p>\n<p><a href=\"https:\/\/agasscom.org\/site\/pt\/membros\/informativo-agasscom-news\/\"><img loading=\"lazy\" decoding=\"async\" class=\"aligncenter size-full wp-image-1192\" src=\"https:\/\/agasscom.org\/site\/wp-content\/uploads\/revistas.png\" alt=\"\" width=\"700\" height=\"200\" srcset=\"https:\/\/agasscom.org\/site\/wp-content\/uploads\/revistas.png 700w, https:\/\/agasscom.org\/site\/wp-content\/uploads\/revistas-500x143.png 500w\" sizes=\"auto, (max-width: 700px) 100vw, 700px\" \/><\/a><\/p>\n<p>E n\u00e3o deixe de conhecer nosso <a href=\"https:\/\/agasscom.org\/site\/pt\/membros\/informativo-agasscom-news\/\">Boletim Informativo mensal<\/a>, que \u00e9 \u00fanico no mundo! Voc\u00ea pode assinar ou adquirir exemplares avulsos!<\/p>\n","protected":false},"excerpt":{"rendered":"<p>A AGASSCOM \u00e9 um dedicado centro de estudos e desenvolvimento para definir e estabelecer os padr\u00f5es mais amplamente conhecidos para exibi\u00e7\u00f5es de Agapornis, sob a coordena\u00e7\u00e3o do Dr. Alessandro D\u2019Angieri, avicultor de renome internacional, juiz internacional de ornitologia e membro da prestigiada Confederation Ornithologique Mondiale. Os Agapornis, ou Lovebirds como s\u00e3o conhecidos em Ingl\u00eas, s\u00e3o [&hellip;]<\/p>\n","protected":false},"author":1,"featured_media":0,"parent":0,"menu_order":0,"comment_status":"closed","ping_status":"closed","template":"template-homepage.php","meta":{"_acf_changed":false,"footnotes":"","_links_to":"","_links_to_target":""},"class_list":["post-58","page","type-page","status-publish","hentry"],"acf":[],"_links":{"self":[{"href":"https:\/\/agasscom.org\/site\/wp-json\/wp\/v2\/pages\/58","targetHints":{"allow":["GET"]}}],"collection":[{"href":"https:\/\/agasscom.org\/site\/wp-json\/wp\/v2\/pages"}],"about":[{"href":"https:\/\/agasscom.org\/site\/wp-json\/wp\/v2\/types\/page"}],"author":[{"embeddable":true,"href":"https:\/\/agasscom.org\/site\/wp-json\/wp\/v2\/users\/1"}],"replies":[{"embeddable":true,"href":"https:\/\/agasscom.org\/site\/wp-json\/wp\/v2\/comments?post=58"}],"version-history":[{"count":7,"href":"https:\/\/agasscom.org\/site\/wp-json\/wp\/v2\/pages\/58\/revisions"}],"predecessor-version":[{"id":1241,"href":"https:\/\/agasscom.org\/site\/wp-json\/wp\/v2\/pages\/58\/revisions\/1241"}],"wp:attachment":[{"href":"https:\/\/agasscom.org\/site\/wp-json\/wp\/v2\/media?parent=58"}],"curies":[{"name":"wp","href":"https:\/\/api.w.org\/{rel}","templated":true}]}}