{"id":789,"date":"2017-11-13T04:31:04","date_gmt":"2017-11-13T06:31:04","guid":{"rendered":"http:\/\/agasscom.org\/site\/?page_id=789"},"modified":"2017-11-13T04:31:04","modified_gmt":"2017-11-13T06:31:04","slug":"grupo-1-agapornis-roseicollis","status":"publish","type":"page","link":"https:\/\/agasscom.org\/site\/pt\/padroes-e-nomenclatura\/mutacoes-originais\/grupo-1-agapornis-roseicollis\/","title":{"rendered":"GRUPO 1 \u2013 Agapornis roseicollis"},"content":{"rendered":"<table class=\"col1-esq col2-esq\">\n<thead>\n<tr>\n<th>FATOR ORIGINAL nomes internacionais<\/th>\n<th>NOMES LOCO REGIONAIS<\/th>\n<th>gene selvagem<\/th>\n<th>gene mutante<\/th>\n<th>simbolo gen\u00e9tico<\/th>\n<th>heran\u00e7a<\/th>\n<\/tr>\n<\/thead>\n<tbody>\n<tr>\n<td>aqua<\/td>\n<td>azul pastel,pastel, azul holand\u00eas<\/td>\n<td>B<\/td>\n<td>baq<\/td>\n<td>aq<\/td>\n<td>AR<\/td>\n<\/tr>\n<tr>\n<td>azul<\/td>\n<td>azul verdadeiro, depurado<\/td>\n<td>B<\/td>\n<td>b<\/td>\n<td>b<\/td>\n<td>AR-MA<\/td>\n<\/tr>\n<tr>\n<td>fulvo bronze<\/td>\n<td>fulvo da Alemanha Ocidental<\/td>\n<td>F<\/td>\n<td>f<\/td>\n<td>a<sup>bz<\/sup><\/td>\n<td>AR<\/td>\n<\/tr>\n<tr>\n<td>canela<\/td>\n<td>canela americano<\/td>\n<td>C<\/td>\n<td>c<\/td>\n<td>cin<\/td>\n<td>SLR<\/td>\n<\/tr>\n<tr>\n<td>de crista<\/td>\n<td>topetudo<\/td>\n<td>s<\/td>\n<td>S<\/td>\n<td>Slt<\/td>\n<td>ID<\/td>\n<\/tr>\n<tr>\n<td>escuro<\/td>\n<td>oliva,jade, malva,cobalto<\/td>\n<td>d<\/td>\n<td>D<\/td>\n<td>D<\/td>\n<td>ID<\/td>\n<\/tr>\n<tr>\n<td>dilu\u00eddo<\/td>\n<td>gold ou silver japon\u00eas<\/td>\n<td>N<\/td>\n<td>n<\/td>\n<td>dil<\/td>\n<td>AR<\/td>\n<\/tr>\n<tr>\n<td>arlequim dominante<\/td>\n<td>arlequim americano<\/td>\n<td>p<sup>d<\/sup><\/td>\n<td>P<sup>d<\/sup><\/td>\n<td>Pi<\/td>\n<td>AD<\/td>\n<\/tr>\n<tr>\n<td>cinza<\/td>\n<td>cinza recessivo,<\/td>\n<td>G<\/td>\n<td>g<\/td>\n<td>gr<\/td>\n<td>AR<\/td>\n<\/tr>\n<tr>\n<td>ino<\/td>\n<td>ino americano<\/td>\n<td>I<\/td>\n<td>i<\/td>\n<td>ino<\/td>\n<td>SLR-MA<\/td>\n<\/tr>\n<tr>\n<td>jasp<\/td>\n<td>m\u00e1rmor X, pastel, jade, faded<\/td>\n<td>J<\/td>\n<td>j<\/td>\n<td>j<\/td>\n<td>AR<\/td>\n<\/tr>\n<tr>\n<td>pena longa<\/td>\n<td>pena longa<\/td>\n<td>w<\/td>\n<td>W<\/td>\n<td>Lo<\/td>\n<td>ID -Q<\/td>\n<\/tr>\n<tr>\n<td>m\u00e1rmor<\/td>\n<td>amarelo americano, escamado recessivo<\/td>\n<td>G<sup>a<\/sup><\/td>\n<td>g<sup>a<\/sup><\/td>\n<td>adil<\/td>\n<td>AR<\/td>\n<\/tr>\n<tr>\n<td>esfuma\u00e7ado<\/td>\n<td>verde parcial, cor feia<\/td>\n<td>P<sup>c<\/sup><\/td>\n<td>p<sup>c<\/sup><\/td>\n<td>aqg<\/td>\n<td>ID<\/td>\n<\/tr>\n<tr>\n<td>opalino<\/td>\n<td>opalino<\/td>\n<td>O<\/td>\n<td>o<\/td>\n<td>op<\/td>\n<td>SLR<\/td>\n<\/tr>\n<tr>\n<td>cara laranja<\/td>\n<td>cara laranja<\/td>\n<td>l<\/td>\n<td>L<\/td>\n<td>Of<\/td>\n<td>ID<\/td>\n<\/tr>\n<tr>\n<td>palha<\/td>\n<td>verde grego,<\/td>\n<td>Ip<\/td>\n<td>ip<\/td>\n<td>ino<sup>pl<\/sup><\/td>\n<td>SLR-MA<\/td>\n<\/tr>\n<tr>\n<td>fulvo amarelo<\/td>\n<td>fulvo da Alemanha Oriental<\/td>\n<td>F<sup>or<\/sup><\/td>\n<td>f<sup>or<\/sup><\/td>\n<td>pf<\/td>\n<td>AR<\/td>\n<\/tr>\n<tr>\n<td>face clara<\/td>\n<td>face clara<\/td>\n<td>s<\/td>\n<td>S<\/td>\n<td>Ph<\/td>\n<td>ID<\/td>\n<\/tr>\n<tr>\n<td>p\u00e1lido<\/td>\n<td>ino australiano, canela australiano<\/td>\n<td>I<sup>au<\/sup><\/td>\n<td>i<sup>au<\/sup><\/td>\n<td>ino<sup>pd<\/sup><\/td>\n<td>SLR<\/td>\n<\/tr>\n<tr>\n<td>arlequim progressivo<\/td>\n<td>moteado<\/td>\n<td>M<\/td>\n<td>m<\/td>\n<td>Mo<\/td>\n<td>AR<\/td>\n<\/tr>\n<tr>\n<td>quartz<\/td>\n<td>asa cinza, m\u00e1rmor tipo 2<\/td>\n<td>G<sup>c<\/sup><\/td>\n<td>g<sup>c<\/sup><\/td>\n<td>Ed<\/td>\n<td>AR<\/td>\n<\/tr>\n<tr>\n<td>recessive pied<\/td>\n<td>australian yellow<\/td>\n<td>P<sup>au<\/sup><\/td>\n<td>p<sup>au<\/sup><\/td>\n<td>S<\/td>\n<td>AR<\/td>\n<\/tr>\n<tr>\n<td>olhos vermelhos<\/td>\n<td>fulvo<\/td>\n<td>R<\/td>\n<td>r<\/td>\n<td>&#8211;<\/td>\n<td>AR<\/td>\n<\/tr>\n<tr>\n<td>sufus\u00e3o vermelha<\/td>\n<td>sufus\u00e3o vermelha<\/td>\n<td>v<sup>s<\/sup><\/td>\n<td>V<sup>s<\/sup><\/td>\n<td>Rs<\/td>\n<td>ID<\/td>\n<\/tr>\n<tr>\n<td>rubino<\/td>\n<td>rubino<\/td>\n<td>R<\/td>\n<td>r<\/td>\n<td>R<\/td>\n<td>SLR<\/td>\n<\/tr>\n<tr>\n<td>nevado<\/td>\n<td>carij\u00f3, schimmel<\/td>\n<td>SN<\/td>\n<td>sn<\/td>\n<td>sn<\/td>\n<td>AD<\/td>\n<\/tr>\n<tr>\n<td>turquoise<\/td>\n<td>white faced<\/td>\n<td>B<\/td>\n<td>b<\/td>\n<td>tq<\/td>\n<td>ID- MA<\/td>\n<\/tr>\n<tr>\n<td>violeta<\/td>\n<td>violeta dinamarqu\u00eas<\/td>\n<td>v<sup>d<\/sup><\/td>\n<td>V<sup>d<\/sup><\/td>\n<td>V<\/td>\n<td>ID<\/td>\n<\/tr>\n<tr>\n<td>violeta tipo 2<\/td>\n<td>violeta americano<\/td>\n<td>v<sup>a<\/sup><\/td>\n<td>V<sup>a<\/sup><\/td>\n<td>V2<\/td>\n<td>ID<\/td>\n<\/tr>\n<\/tbody>\n<\/table>\n<p><\/p>\n","protected":false},"excerpt":{"rendered":"<p>FATOR ORIGINAL nomes internacionais NOMES LOCO REGIONAIS gene selvagem gene mutante simbolo gen\u00e9tico heran\u00e7a aqua azul pastel,pastel, azul holand\u00eas B baq aq AR azul azul verdadeiro, depurado B b b AR-MA fulvo bronze fulvo da Alemanha Ocidental F f abz AR canela canela americano C c cin SLR de crista topetudo s S Slt ID [&hellip;]<\/p>\n","protected":false},"author":1,"featured_media":0,"parent":351,"menu_order":1,"comment_status":"closed","ping_status":"closed","template":"","meta":{"_acf_changed":false,"footnotes":"","_links_to":"","_links_to_target":""},"class_list":["post-789","page","type-page","status-publish","hentry"],"acf":[],"_links":{"self":[{"href":"https:\/\/agasscom.org\/site\/wp-json\/wp\/v2\/pages\/789","targetHints":{"allow":["GET"]}}],"collection":[{"href":"https:\/\/agasscom.org\/site\/wp-json\/wp\/v2\/pages"}],"about":[{"href":"https:\/\/agasscom.org\/site\/wp-json\/wp\/v2\/types\/page"}],"author":[{"embeddable":true,"href":"https:\/\/agasscom.org\/site\/wp-json\/wp\/v2\/users\/1"}],"replies":[{"embeddable":true,"href":"https:\/\/agasscom.org\/site\/wp-json\/wp\/v2\/comments?post=789"}],"version-history":[{"count":1,"href":"https:\/\/agasscom.org\/site\/wp-json\/wp\/v2\/pages\/789\/revisions"}],"predecessor-version":[{"id":790,"href":"https:\/\/agasscom.org\/site\/wp-json\/wp\/v2\/pages\/789\/revisions\/790"}],"up":[{"embeddable":true,"href":"https:\/\/agasscom.org\/site\/wp-json\/wp\/v2\/pages\/351"}],"wp:attachment":[{"href":"https:\/\/agasscom.org\/site\/wp-json\/wp\/v2\/media?parent=789"}],"curies":[{"name":"wp","href":"https:\/\/api.w.org\/{rel}","templated":true}]}}