{"id":791,"date":"2017-11-13T04:45:30","date_gmt":"2017-11-13T06:45:30","guid":{"rendered":"http:\/\/agasscom.org\/site\/?page_id=791"},"modified":"2017-11-13T04:45:30","modified_gmt":"2017-11-13T06:45:30","slug":"grupo-2-agapornis-personatus","status":"publish","type":"page","link":"https:\/\/agasscom.org\/site\/pt\/padroes-e-nomenclatura\/mutacoes-originais\/grupo-2-agapornis-personatus\/","title":{"rendered":"GRUPO 2 \u2013 Agapornis personatus"},"content":{"rendered":"<table class=\"col1-esq col2-esq\">\n<thead>\n<tr>\n<th>FATOR ORIGINAL nomes internacionais<\/th>\n<th>NOMES LOCO REGIONAIS<\/th>\n<th>gene selvagem<\/th>\n<th>gene mutante<\/th>\n<th>simbolo gen\u00e9tico<\/th>\n<th>heran\u00e7a<\/th>\n<\/tr>\n<\/thead>\n<tbody>\n<tr>\n<td>azul<\/td>\n<td>azul<\/td>\n<td>B<\/td>\n<td>b<\/td>\n<td>b<\/td>\n<td>AR- MA<\/td>\n<\/tr>\n<tr>\n<td>fulvo bronze<\/td>\n<td>fulvo mel\u00e2nico<\/td>\n<td>F<\/td>\n<td>f<\/td>\n<td>fbr<\/td>\n<td>AR<\/td>\n<\/tr>\n<tr>\n<td>canela<\/td>\n<td>canela , pastel<\/td>\n<td>C<\/td>\n<td>c<\/td>\n<td>Cin<\/td>\n<td>SLR<\/td>\n<\/tr>\n<tr>\n<td>escuro<\/td>\n<td>oliva,jade, malva,cobalto<\/td>\n<td>d<\/td>\n<td>D<\/td>\n<td>D<\/td>\n<td>ID<\/td>\n<\/tr>\n<tr>\n<td>fulvo cinza<\/td>\n<td>fulvo cinza, dun<\/td>\n<td>F<\/td>\n<td>f<\/td>\n<td>f<\/td>\n<td>AR<\/td>\n<\/tr>\n<tr>\n<td>arlequim dominante<\/td>\n<td>arlequim<\/td>\n<td>p<sup>d<\/sup><\/td>\n<td>P<sup>d<\/sup><\/td>\n<td>Pi<\/td>\n<td>AD<\/td>\n<\/tr>\n<tr>\n<td>pastel<\/td>\n<td>dilu\u00eddo, limo<\/td>\n<td>I<\/td>\n<td>ipa<\/td>\n<td><sup>ipa<\/sup><\/td>\n<td>AR<\/td>\n<\/tr>\n<tr>\n<td>violeta<\/td>\n<td>violeta<\/td>\n<td>v<sup>d<\/sup><\/td>\n<td>V<sup>d<\/sup><\/td>\n<td>V<\/td>\n<td>ID<\/td>\n<\/tr>\n<\/tbody>\n<\/table>\n<table class=\"col1-esq col2-esq\">\n<thead>\n<tr>\n<th>FATORES TRANSG\u00caNICOS<\/th>\n<th>NOMES LOCO REGIONAIS<\/th>\n<th>gene selvagem<\/th>\n<th>gene mutante<\/th>\n<th>simbolo gen\u00e9tico<\/th>\n<th>heran\u00e7a<\/th>\n<\/tr>\n<\/thead>\n<tbody>\n<tr>\n<td>azul<\/td>\n<td>azul<\/td>\n<td>B<\/td>\n<td>b<\/td>\n<td>bl<\/td>\n<td>AR &#8211; MA<\/td>\n<\/tr>\n<tr>\n<td>de crista<\/td>\n<td>topetudo<\/td>\n<td>cr<\/td>\n<td>Cr<\/td>\n<td>Cr<\/td>\n<td>ID<\/td>\n<\/tr>\n<tr>\n<td>claro de olhos negros (DEC)<\/td>\n<td>ohos pretos<\/td>\n<td>I<\/td>\n<td>id<\/td>\n<td>id<\/td>\n<td>AR-MA<\/td>\n<\/tr>\n<tr>\n<td>dilute<\/td>\n<td>pastel dilute<\/td>\n<td>Y<\/td>\n<td>y<\/td>\n<td>Dil<\/td>\n<td>AR<\/td>\n<\/tr>\n<tr>\n<td>asa mel\u00e2nica<\/td>\n<td>ewing<\/td>\n<td>mw<\/td>\n<td>MW<\/td>\n<td>mw<\/td>\n<td>AD<\/td>\n<\/tr>\n<tr>\n<td>Ino<\/td>\n<td>lutino<\/td>\n<td>I<\/td>\n<td>i<\/td>\n<td>i<\/td>\n<td>AR<\/td>\n<\/tr>\n<tr>\n<td>escamado dominante intermedi\u00e1rio, m\u00e1rmor<\/td>\n<td>dominante escamado, spangled, golden,silver<\/td>\n<td>g<sup>a<\/sup><\/td>\n<td>G<sup>a<\/sup><\/td>\n<td>Ed<\/td>\n<td>AC<\/td>\n<\/tr>\n<tr>\n<td>esfuma\u00e7ado<\/td>\n<td>cor &#8220;feia&#8221;<\/td>\n<td>m<\/td>\n<td>M<\/td>\n<td>M<\/td>\n<td>ID<\/td>\n<\/tr>\n<tr>\n<td>turquesa<\/td>\n<td>azul parcial<\/td>\n<td>B<\/td>\n<td>b<\/td>\n<td>btq<\/td>\n<td>AR &#8211; MA<\/td>\n<\/tr>\n<tr>\n<td>palha<\/td>\n<td>faded,isabel<\/td>\n<td>s<\/td>\n<td>S<\/td>\n<td>Slt<\/td>\n<td>AD<\/td>\n<\/tr>\n<tr>\n<td>pastel<\/td>\n<td>dilu\u00eddo, limo<\/td>\n<td>I<\/td>\n<td>i<\/td>\n<td>ipa<\/td>\n<td>AR<\/td>\n<\/tr>\n<tr>\n<td>ard\u00f3sia<\/td>\n<td>ard\u00f3sia<\/td>\n<td>B<\/td>\n<td>b<\/td>\n<td>btq<\/td>\n<td>AR<\/td>\n<\/tr>\n<tr>\n<td>opalino<\/td>\n<td>opalino<\/td>\n<td>O<\/td>\n<td>o<\/td>\n<td>op<\/td>\n<td>SLR<\/td>\n<\/tr>\n<tr>\n<td>arlequim recessivo<\/td>\n<td>amarelo recessivo, DEC<\/td>\n<td>Pr<\/td>\n<td>pr<\/td>\n<td>rp<\/td>\n<td>AR<\/td>\n<\/tr>\n<\/tbody>\n<\/table>\n<p>&nbsp;<\/p>\n","protected":false},"excerpt":{"rendered":"<p>FATOR ORIGINAL nomes internacionais NOMES LOCO REGIONAIS gene selvagem gene mutante simbolo gen\u00e9tico heran\u00e7a azul azul B b b AR- MA fulvo bronze fulvo mel\u00e2nico F f fbr AR canela canela , pastel C c Cin SLR escuro oliva,jade, malva,cobalto d D D ID fulvo cinza fulvo cinza, dun F f f AR arlequim dominante [&hellip;]<\/p>\n","protected":false},"author":1,"featured_media":0,"parent":351,"menu_order":2,"comment_status":"closed","ping_status":"closed","template":"","meta":{"_acf_changed":false,"footnotes":"","_links_to":"","_links_to_target":""},"class_list":["post-791","page","type-page","status-publish","hentry"],"acf":[],"_links":{"self":[{"href":"https:\/\/agasscom.org\/site\/wp-json\/wp\/v2\/pages\/791","targetHints":{"allow":["GET"]}}],"collection":[{"href":"https:\/\/agasscom.org\/site\/wp-json\/wp\/v2\/pages"}],"about":[{"href":"https:\/\/agasscom.org\/site\/wp-json\/wp\/v2\/types\/page"}],"author":[{"embeddable":true,"href":"https:\/\/agasscom.org\/site\/wp-json\/wp\/v2\/users\/1"}],"replies":[{"embeddable":true,"href":"https:\/\/agasscom.org\/site\/wp-json\/wp\/v2\/comments?post=791"}],"version-history":[{"count":1,"href":"https:\/\/agasscom.org\/site\/wp-json\/wp\/v2\/pages\/791\/revisions"}],"predecessor-version":[{"id":792,"href":"https:\/\/agasscom.org\/site\/wp-json\/wp\/v2\/pages\/791\/revisions\/792"}],"up":[{"embeddable":true,"href":"https:\/\/agasscom.org\/site\/wp-json\/wp\/v2\/pages\/351"}],"wp:attachment":[{"href":"https:\/\/agasscom.org\/site\/wp-json\/wp\/v2\/media?parent=791"}],"curies":[{"name":"wp","href":"https:\/\/api.w.org\/{rel}","templated":true}]}}