{"id":793,"date":"2017-11-13T04:50:54","date_gmt":"2017-11-13T06:50:54","guid":{"rendered":"http:\/\/agasscom.org\/site\/?page_id=793"},"modified":"2018-05-02T10:30:10","modified_gmt":"2018-05-02T13:30:10","slug":"grupo-3-agapornis-fischeri","status":"publish","type":"page","link":"https:\/\/agasscom.org\/site\/pt\/padroes-e-nomenclatura\/mutacoes-originais\/grupo-3-agapornis-fischeri\/","title":{"rendered":"GRUPO 3 \u2013 Agapornis fischeri"},"content":{"rendered":"<table class=\"col1-esq col2-esq\">\n<thead>\n<tr>\n<th>FATOR ORIGINAL nomes internacionais<\/th>\n<th>NOMES LOCO REGIONAIS<\/th>\n<th>gene selvagem<\/th>\n<th>gene mutante<\/th>\n<th>simbolo gen\u00e9tico<\/th>\n<th>heran\u00e7a<\/th>\n<\/tr>\n<\/thead>\n<tbody>\n<tr>\n<td>aqua<\/td>\n<td>azul parcial<\/td>\n<td>B<\/td>\n<td>b<\/td>\n<td>aq<\/td>\n<td>AR &#8211; MA<\/td>\n<\/tr>\n<tr>\n<td>azul<\/td>\n<td>azul<\/td>\n<td>B<\/td>\n<td>b<\/td>\n<td>b<\/td>\n<td>AR- MA<\/td>\n<\/tr>\n<tr>\n<td>fulvo bronze<\/td>\n<td>fulvo mel\u00e2nico<\/td>\n<td>F<\/td>\n<td>f<\/td>\n<td>fbr<\/td>\n<td>AR<\/td>\n<\/tr>\n<tr>\n<td>canela<\/td>\n<td>canela<\/td>\n<td>C<\/td>\n<td>c<\/td>\n<td>Cin<\/td>\n<td>SLR<\/td>\n<\/tr>\n<tr>\n<td>de crista<\/td>\n<td>topetudo<\/td>\n<td>p<\/td>\n<td>P<sup>d<\/sup><\/td>\n<td>Pi<\/td>\n<td>DA<\/td>\n<\/tr>\n<tr>\n<td>claro de olhos negros (DEC)<\/td>\n<td>ohos pretos<\/td>\n<td>I<\/td>\n<td>id<\/td>\n<td>id<\/td>\n<td>AR-MA<\/td>\n<\/tr>\n<tr>\n<td>arlequim dominante<\/td>\n<td>arlequim<\/td>\n<td>p<sup>d<\/sup><\/td>\n<td>P<sup>d<\/sup><\/td>\n<td>Pi<\/td>\n<td>AD<\/td>\n<\/tr>\n<tr>\n<td>asa mel\u00e2nica<\/td>\n<td>ewing<\/td>\n<td>mw<\/td>\n<td>MW<\/td>\n<td>mw<\/td>\n<td>AD<\/td>\n<\/tr>\n<tr>\n<td>cinza<\/td>\n<td>cinza<\/td>\n<td>g<\/td>\n<td>G<\/td>\n<td>GR<\/td>\n<td>AD<\/td>\n<\/tr>\n<tr>\n<td>escamado dominante intermedi\u00e1rio, m\u00e1rmor<\/td>\n<td>dominante escamado, spangled, golden,silver<\/td>\n<td>g<sup>a<\/sup><\/td>\n<td>G<sup>a<\/sup><\/td>\n<td>Ed<\/td>\n<td>AC<\/td>\n<\/tr>\n<tr>\n<td>amarelo lim\u00e3o<\/td>\n<td>lim\u00e3o australiano<\/td>\n<td>L<\/td>\n<td>l<\/td>\n<td>lem<\/td>\n<td>AR<\/td>\n<\/tr>\n<tr>\n<td>esfuma\u00e7ado<\/td>\n<td>cor &#8220;feia&#8221;<\/td>\n<td>m<\/td>\n<td>M<\/td>\n<td>M<\/td>\n<td>ID<\/td>\n<\/tr>\n<tr>\n<td>palha<\/td>\n<td>faded,isabel<\/td>\n<td>s<\/td>\n<td>S<\/td>\n<td>Slt<\/td>\n<td>SLR<\/td>\n<\/tr>\n<tr>\n<td>fulvo amarelo<\/td>\n<td>fulvo p\u00e1lido<\/td>\n<td>Fpl<\/td>\n<td>fpl<\/td>\n<td>fpl<\/td>\n<td>AR<\/td>\n<\/tr>\n<tr>\n<td>pastel<\/td>\n<td>dilu\u00eddo, limo<\/td>\n<td>I<\/td>\n<td>i<\/td>\n<td>ipa<\/td>\n<td>AR<\/td>\n<\/tr>\n<tr>\n<td>arlequim recessivo<\/td>\n<td>amarelo recessivo, DEC<\/td>\n<td>Pr<\/td>\n<td>pr<\/td>\n<td>rp<\/td>\n<td>AR<\/td>\n<\/tr>\n<tr>\n<td>vermelho<\/td>\n<td>bronze, fulvo<\/td>\n<td>s<\/td>\n<td>S<\/td>\n<td>Slt<\/td>\n<td>AR<\/td>\n<\/tr>\n<tr>\n<td>turquesa tipo 1 (USA)<\/td>\n<td>azul parcial<\/td>\n<td>B<\/td>\n<td>b<\/td>\n<td>tq1<\/td>\n<td>AR &#8211; MA<\/td>\n<\/tr>\n<tr>\n<td>turquesa tipo 2 (\u00c1frica do Sul)<\/td>\n<td>azul parcial<\/td>\n<td>B<\/td>\n<td>b<\/td>\n<td>tq2<\/td>\n<td>AR &#8211; MA<\/td>\n<\/tr>\n<tr>\n<td>opalino<\/td>\n<td>opalino<\/td>\n<td>O<\/td>\n<td>o<\/td>\n<td>op<\/td>\n<td>SLR<\/td>\n<\/tr>\n<tr>\n<td>ard\u00f3sia<\/td>\n<td>ard\u00f3sia<\/td>\n<td>B<\/td>\n<td>b<\/td>\n<td>btq<\/td>\n<td>AR<\/td>\n<\/tr>\n<\/tbody>\n<\/table>\n<table class=\"col1-esq col2-esq\">\n<thead>\n<tr>\n<th>FATORES TRANSG\u00caNICOS<\/th>\n<th>NOMES LOCO REGIONAIS<\/th>\n<th>gene selvagem<\/th>\n<th>gene mutante<\/th>\n<th>simbolo gen\u00e9tico<\/th>\n<th>heran\u00e7a<\/th>\n<\/tr>\n<\/thead>\n<tbody>\n<tr>\n<td>azul<\/td>\n<td>azul<\/td>\n<td>B<\/td>\n<td>b<\/td>\n<td>b<\/td>\n<td>AR &#8211; MA<\/td>\n<\/tr>\n<tr>\n<td>escuro<\/td>\n<td>olive,jade, malva,cobalto<\/td>\n<td>d<\/td>\n<td>D<\/td>\n<td>D<\/td>\n<td>ID<\/td>\n<\/tr>\n<tr>\n<td>dilu\u00eddo<\/td>\n<td>pastel dilu\u00eddo<\/td>\n<td>Y<\/td>\n<td>y<\/td>\n<td>Dil<\/td>\n<td>AR<\/td>\n<\/tr>\n<tr>\n<td>fulvo dun<\/td>\n<td>fulvo cinza<\/td>\n<td>F<\/td>\n<td>f<\/td>\n<td>f<\/td>\n<td>AR<\/td>\n<\/tr>\n<tr>\n<td>ino<\/td>\n<td>lutino<\/td>\n<td>I<\/td>\n<td>i<\/td>\n<td>i<\/td>\n<td>AR<\/td>\n<\/tr>\n<tr>\n<td>violeta<\/td>\n<td>violeta<\/td>\n<td>v<\/td>\n<td>V<\/td>\n<td>V<\/td>\n<td>ID<\/td>\n<\/tr>\n<\/tbody>\n<\/table>\n<p>&nbsp;<\/p>\n","protected":false},"excerpt":{"rendered":"<p>FATOR ORIGINAL nomes internacionais NOMES LOCO REGIONAIS gene selvagem gene mutante simbolo gen\u00e9tico heran\u00e7a aqua azul parcial B b aq AR &#8211; MA azul azul B b b AR- MA fulvo bronze fulvo mel\u00e2nico F f fbr AR canela canela C c Cin SLR de crista topetudo p Pd Pi DA claro de olhos negros [&hellip;]<\/p>\n","protected":false},"author":1,"featured_media":0,"parent":351,"menu_order":3,"comment_status":"closed","ping_status":"closed","template":"","meta":{"_acf_changed":false,"footnotes":"","_links_to":"","_links_to_target":""},"class_list":["post-793","page","type-page","status-publish","hentry"],"acf":[],"_links":{"self":[{"href":"https:\/\/agasscom.org\/site\/wp-json\/wp\/v2\/pages\/793","targetHints":{"allow":["GET"]}}],"collection":[{"href":"https:\/\/agasscom.org\/site\/wp-json\/wp\/v2\/pages"}],"about":[{"href":"https:\/\/agasscom.org\/site\/wp-json\/wp\/v2\/types\/page"}],"author":[{"embeddable":true,"href":"https:\/\/agasscom.org\/site\/wp-json\/wp\/v2\/users\/1"}],"replies":[{"embeddable":true,"href":"https:\/\/agasscom.org\/site\/wp-json\/wp\/v2\/comments?post=793"}],"version-history":[{"count":2,"href":"https:\/\/agasscom.org\/site\/wp-json\/wp\/v2\/pages\/793\/revisions"}],"predecessor-version":[{"id":1108,"href":"https:\/\/agasscom.org\/site\/wp-json\/wp\/v2\/pages\/793\/revisions\/1108"}],"up":[{"embeddable":true,"href":"https:\/\/agasscom.org\/site\/wp-json\/wp\/v2\/pages\/351"}],"wp:attachment":[{"href":"https:\/\/agasscom.org\/site\/wp-json\/wp\/v2\/media?parent=793"}],"curies":[{"name":"wp","href":"https:\/\/api.w.org\/{rel}","templated":true}]}}