{"id":795,"date":"2017-11-13T04:53:45","date_gmt":"2017-11-13T06:53:45","guid":{"rendered":"http:\/\/agasscom.org\/site\/?page_id=795"},"modified":"2017-11-13T04:53:45","modified_gmt":"2017-11-13T06:53:45","slug":"grupo-4-agapornis-nigrigenis","status":"publish","type":"page","link":"https:\/\/agasscom.org\/site\/pt\/padroes-e-nomenclatura\/mutacoes-originais\/grupo-4-agapornis-nigrigenis\/","title":{"rendered":"GRUPO 4 \u2013 Agapornis nigrigenis"},"content":{"rendered":"<table class=\"col1-esq col2-esq\">\n<tbody>\n<tr>\n<th>FATOR ORIGINAL nomes internacionais<\/th>\n<th>NOMES LOCO REGIONAIS<\/th>\n<th>gene selvagem<\/th>\n<th>gene mutante<\/th>\n<th>simbolo gen\u00e9tico<\/th>\n<th>heran\u00e7a<\/th>\n<\/tr>\n<tr>\n<td>azul<\/td>\n<td>azul<\/td>\n<td>B<\/td>\n<td>b<\/td>\n<td>b<\/td>\n<td>AR &#8211; MA<\/td>\n<\/tr>\n<tr>\n<td>dilute<\/td>\n<td>pastel dilu\u00eddo<\/td>\n<td>Y<\/td>\n<td>y<\/td>\n<td>Dil<\/td>\n<td>AR<\/td>\n<\/tr>\n<\/tbody>\n<\/table>\n<table class=\"col1-esq col2-esq\">\n<tbody>\n<tr>\n<th>FATORES TRANSG\u00caNICOS<\/th>\n<th>NOMES LOCO REGIONAIS<\/th>\n<th>gene selvagem<\/th>\n<th>gene mutante<\/th>\n<th>simbolo gen\u00e9tico<\/th>\n<th>heran\u00e7a<\/th>\n<\/tr>\n<tr>\n<td>azul<\/td>\n<td>azul<\/td>\n<td>B<\/td>\n<td>b<\/td>\n<td>bl<\/td>\n<td>AR &#8211; MA<\/td>\n<\/tr>\n<tr>\n<td>de crista<\/td>\n<td>topetudo<\/td>\n<td>cr<\/td>\n<td>Cr<\/td>\n<td>Cr<\/td>\n<td>ID<\/td>\n<\/tr>\n<tr>\n<td>claro de olhos negros (DEC)<\/td>\n<td>ohos pretos<\/td>\n<td>I<\/td>\n<td>id<\/td>\n<td>id<\/td>\n<td>AR-MA<\/td>\n<\/tr>\n<tr>\n<td>dilu\u00eddo<\/td>\n<td>pastel dilu\u00eddo<\/td>\n<td>Y<\/td>\n<td>y<\/td>\n<td>Dil<\/td>\n<td>AR<\/td>\n<\/tr>\n<tr>\n<td>fulvo bronze<\/td>\n<td>fulvo mel\u00e2nico<\/td>\n<td>F<\/td>\n<td>f<\/td>\n<td>fbr<\/td>\n<td>AR<\/td>\n<\/tr>\n<tr>\n<td>fulvo amarelo<\/td>\n<td>fulvo p\u00e1lido<\/td>\n<td>Fpl<\/td>\n<td>fpl<\/td>\n<td>fpl<\/td>\n<td>AR<\/td>\n<\/tr>\n<tr>\n<td>fulvo cinza<\/td>\n<td>fulvo cinza dun<\/td>\n<td>F<\/td>\n<td>f<\/td>\n<td>f<\/td>\n<td>AR<\/td>\n<\/tr>\n<tr>\n<td>asa mel\u00e2nica<\/td>\n<td>ewing<\/td>\n<td>mw<\/td>\n<td>MW<\/td>\n<td>mw<\/td>\n<td>AD<\/td>\n<\/tr>\n<tr>\n<td>Ino<\/td>\n<td>lutino<\/td>\n<td>I<\/td>\n<td>i<\/td>\n<td>i<\/td>\n<td>AR<\/td>\n<\/tr>\n<tr>\n<td>escamado dominante intermedi\u00e1rio, m\u00e1rmor<\/td>\n<td>dominante escamado, spangled, golden,silver<\/td>\n<td>g<sup>a<\/sup><\/td>\n<td>G<sup>a<\/sup><\/td>\n<td>Ed<\/td>\n<td>AC<\/td>\n<\/tr>\n<tr>\n<td>esfuma\u00e7ado<\/td>\n<td>cor &#8220;feia&#8221;<\/td>\n<td>m<\/td>\n<td>M<\/td>\n<td>M<\/td>\n<td>ID<\/td>\n<\/tr>\n<tr>\n<td>turquesa<\/td>\n<td>azul parcial<\/td>\n<td>B<\/td>\n<td>b<\/td>\n<td>btq<\/td>\n<td>AR &#8211; MA<\/td>\n<\/tr>\n<tr>\n<td>palha<\/td>\n<td>faded,isabel<\/td>\n<td>s<\/td>\n<td>S<\/td>\n<td>Slt<\/td>\n<td>SLR<\/td>\n<\/tr>\n<tr>\n<td>pastel<\/td>\n<td>dilu\u00eddo<\/td>\n<td>I<\/td>\n<td>i<\/td>\n<td>ipa<\/td>\n<td>AR<\/td>\n<\/tr>\n<tr>\n<td>ard\u00f3sia<\/td>\n<td>ard\u00f3sia<\/td>\n<td>B<\/td>\n<td>b<\/td>\n<td>btq<\/td>\n<td>AR<\/td>\n<\/tr>\n<tr>\n<td>opalino<\/td>\n<td>opalino<\/td>\n<td>O<\/td>\n<td>o<\/td>\n<td>op<\/td>\n<td>SLR<\/td>\n<\/tr>\n<tr>\n<td>arlequim recessivo<\/td>\n<td>amarelo recessivo, DEC<\/td>\n<td>Pr<\/td>\n<td>pr<\/td>\n<td>rp<\/td>\n<td>AR<\/td>\n<\/tr>\n<tr>\n<td>arlequim dominante<\/td>\n<td>arlequim<\/td>\n<td>p<sup>d<\/sup><\/td>\n<td>P<sup>d<\/sup><\/td>\n<td>Pi<\/td>\n<td>AD<\/td>\n<\/tr>\n<\/tbody>\n<\/table>\n<p><\/p>\n","protected":false},"excerpt":{"rendered":"<p>FATOR ORIGINAL nomes internacionais NOMES LOCO REGIONAIS gene selvagem gene mutante simbolo gen\u00e9tico heran\u00e7a azul azul B b b AR &#8211; MA dilute pastel dilu\u00eddo Y y Dil AR FATORES TRANSG\u00caNICOS NOMES LOCO REGIONAIS gene selvagem gene mutante simbolo gen\u00e9tico heran\u00e7a azul azul B b bl AR &#8211; MA de crista topetudo cr Cr Cr [&hellip;]<\/p>\n","protected":false},"author":1,"featured_media":0,"parent":351,"menu_order":4,"comment_status":"closed","ping_status":"closed","template":"","meta":{"_acf_changed":false,"footnotes":"","_links_to":"","_links_to_target":""},"class_list":["post-795","page","type-page","status-publish","hentry"],"acf":[],"_links":{"self":[{"href":"https:\/\/agasscom.org\/site\/wp-json\/wp\/v2\/pages\/795","targetHints":{"allow":["GET"]}}],"collection":[{"href":"https:\/\/agasscom.org\/site\/wp-json\/wp\/v2\/pages"}],"about":[{"href":"https:\/\/agasscom.org\/site\/wp-json\/wp\/v2\/types\/page"}],"author":[{"embeddable":true,"href":"https:\/\/agasscom.org\/site\/wp-json\/wp\/v2\/users\/1"}],"replies":[{"embeddable":true,"href":"https:\/\/agasscom.org\/site\/wp-json\/wp\/v2\/comments?post=795"}],"version-history":[{"count":1,"href":"https:\/\/agasscom.org\/site\/wp-json\/wp\/v2\/pages\/795\/revisions"}],"predecessor-version":[{"id":796,"href":"https:\/\/agasscom.org\/site\/wp-json\/wp\/v2\/pages\/795\/revisions\/796"}],"up":[{"embeddable":true,"href":"https:\/\/agasscom.org\/site\/wp-json\/wp\/v2\/pages\/351"}],"wp:attachment":[{"href":"https:\/\/agasscom.org\/site\/wp-json\/wp\/v2\/media?parent=795"}],"curies":[{"name":"wp","href":"https:\/\/api.w.org\/{rel}","templated":true}]}}