{"id":801,"date":"2017-11-13T05:05:55","date_gmt":"2017-11-13T07:05:55","guid":{"rendered":"http:\/\/agasscom.org\/site\/?page_id=801"},"modified":"2017-11-13T05:05:55","modified_gmt":"2017-11-13T07:05:55","slug":"grupo-7-agapornis-pullarius","status":"publish","type":"page","link":"https:\/\/agasscom.org\/site\/pt\/padroes-e-nomenclatura\/mutacoes-originais\/grupo-7-agapornis-pullarius\/","title":{"rendered":"GRUPO 7 \u2013 Agapornis pullarius"},"content":{"rendered":"<table class=\"col1-esq col2-esq\">\n<thead>\n<tr>\n<th>FATOR ORIGINAL nomes internacionais<\/th>\n<th>NOMES LOCO REGIONAIS<\/th>\n<th>gene selvagem<\/th>\n<th>gene mutante<\/th>\n<th>simbolo gen\u00e9tico<\/th>\n<th>heran\u00e7a<\/th>\n<\/tr>\n<\/thead>\n<tbody>\n<tr>\n<td>aqua<\/td>\n<td>azul parcial<\/td>\n<td>B<\/td>\n<td>b<\/td>\n<td>aq<\/td>\n<td>AR &#8211; MA<\/td>\n<\/tr>\n<tr>\n<td>fulvo bronze<\/td>\n<td>fulvo mel\u00e2nico<\/td>\n<td>F<\/td>\n<td>f<\/td>\n<td>fbr<\/td>\n<td>AR<\/td>\n<\/tr>\n<tr>\n<td>escuro<\/td>\n<td>oliva,jade, malva,cobalto<\/td>\n<td>d<\/td>\n<td>D<\/td>\n<td>D<\/td>\n<td>ID<\/td>\n<\/tr>\n<tr>\n<td>dilu\u00eddo<\/td>\n<td>pastel dilu\u00eddo<\/td>\n<td>Y<\/td>\n<td>y<\/td>\n<td>Dil<\/td>\n<td>AR<\/td>\n<\/tr>\n<tr>\n<td>esfuma\u00e7ado<\/td>\n<td>cor &#8220;feia&#8221;<\/td>\n<td>m<\/td>\n<td>M<\/td>\n<td>Mt<\/td>\n<td>AC<\/td>\n<\/tr>\n<tr>\n<td>fulvo amarelo<\/td>\n<td>fulvo p\u00e1lido<\/td>\n<td>Fpl<\/td>\n<td>fpl<\/td>\n<td>fpl<\/td>\n<td>AR<\/td>\n<\/tr>\n<\/tbody>\n<\/table>\n<p>&nbsp;<\/p>\n","protected":false},"excerpt":{"rendered":"<p>FATOR ORIGINAL nomes internacionais NOMES LOCO REGIONAIS gene selvagem gene mutante simbolo gen\u00e9tico heran\u00e7a aqua azul parcial B b aq AR &#8211; MA fulvo bronze fulvo mel\u00e2nico F f fbr AR escuro oliva,jade, malva,cobalto d D D ID dilu\u00eddo pastel dilu\u00eddo Y y Dil AR esfuma\u00e7ado cor &#8220;feia&#8221; m M Mt AC fulvo amarelo fulvo [&hellip;]<\/p>\n","protected":false},"author":1,"featured_media":0,"parent":351,"menu_order":7,"comment_status":"closed","ping_status":"closed","template":"","meta":{"_acf_changed":false,"footnotes":"","_links_to":"","_links_to_target":""},"class_list":["post-801","page","type-page","status-publish","hentry"],"acf":[],"_links":{"self":[{"href":"https:\/\/agasscom.org\/site\/wp-json\/wp\/v2\/pages\/801","targetHints":{"allow":["GET"]}}],"collection":[{"href":"https:\/\/agasscom.org\/site\/wp-json\/wp\/v2\/pages"}],"about":[{"href":"https:\/\/agasscom.org\/site\/wp-json\/wp\/v2\/types\/page"}],"author":[{"embeddable":true,"href":"https:\/\/agasscom.org\/site\/wp-json\/wp\/v2\/users\/1"}],"replies":[{"embeddable":true,"href":"https:\/\/agasscom.org\/site\/wp-json\/wp\/v2\/comments?post=801"}],"version-history":[{"count":1,"href":"https:\/\/agasscom.org\/site\/wp-json\/wp\/v2\/pages\/801\/revisions"}],"predecessor-version":[{"id":802,"href":"https:\/\/agasscom.org\/site\/wp-json\/wp\/v2\/pages\/801\/revisions\/802"}],"up":[{"embeddable":true,"href":"https:\/\/agasscom.org\/site\/wp-json\/wp\/v2\/pages\/351"}],"wp:attachment":[{"href":"https:\/\/agasscom.org\/site\/wp-json\/wp\/v2\/media?parent=801"}],"curies":[{"name":"wp","href":"https:\/\/api.w.org\/{rel}","templated":true}]}}