{"id":825,"date":"2017-11-13T06:45:17","date_gmt":"2017-11-13T08:45:17","guid":{"rendered":"http:\/\/agasscom.org\/site\/?page_id=825"},"modified":"2017-11-29T17:51:39","modified_gmt":"2017-11-29T19:51:39","slug":"grupo-6-agapornis-taranta","status":"publish","type":"page","link":"https:\/\/agasscom.org\/site\/pt\/padroes-e-nomenclatura\/nomenclatura-agasscom\/grupo-6-agapornis-taranta\/","title":{"rendered":"GRUPO 6 \u2013 Agapornis taranta"},"content":{"rendered":"<h3>Subgrupo 06-1<\/h3>\n<p>Fundo amarelo exceto com fator escuro.<\/p>\n<table class=\"col2-esq\">\n<colgroup>\n<col \/>\n<col width=\"85%\" \/><\/colgroup>\n<tbody>\n<tr>\n<td>AGSC 6.1.00<\/td>\n<td>verde macho (todas sp)<\/td>\n<\/tr>\n<tr>\n<td>AGSC 6.1.01<\/td>\n<td>verde f\u00eamea (todas sp )<\/td>\n<\/tr>\n<tr>\n<td>AGSC 6.1.02<\/td>\n<td>fulvo amarelo macho (todas sp)<\/td>\n<\/tr>\n<tr>\n<td>AGSC 6.1.03<\/td>\n<td>fulvo amarelo f\u00eamea (todas sp )<\/td>\n<\/tr>\n<tr>\n<td>AGSC 6.1.04<\/td>\n<td>fulvo bronze macho<\/td>\n<\/tr>\n<tr>\n<td>AGSC 6.1.05<\/td>\n<td>fulvo bronze f\u00eamea<\/td>\n<\/tr>\n<tr>\n<td>AGSC 6.1.06<\/td>\n<td>dilu\u00eddo macho<\/td>\n<\/tr>\n<tr>\n<td>AGSC 6.1.07<\/td>\n<td>dilu\u00eddo f\u00eamea<\/td>\n<\/tr>\n<tr>\n<td>AGSC 6.1.08<\/td>\n<td>esfuma\u00e7ado macho<\/td>\n<\/tr>\n<tr>\n<td>AGSC 6.1.09<\/td>\n<td>esfuma\u00e7ado f\u00eamea<\/td>\n<\/tr>\n<tr>\n<td>AGSC X06.1<\/td>\n<td>outros<\/td>\n<\/tr>\n<\/tbody>\n<\/table>\n<h3>Subgrupo 06-2<\/h3>\n<p>Fundo aqua exceto com fator escuro.<\/p>\n<table class=\"col2-esq\">\n<colgroup>\n<col \/>\n<col width=\"85%\" \/><\/colgroup>\n<tbody>\n<tr>\n<td>AGSC 6.2.00<\/td>\n<td>aqua macho (todas sp)<\/td>\n<\/tr>\n<tr>\n<td>AGSC 6.2.01<\/td>\n<td>aqua f\u00eamea (todas sp )<\/td>\n<\/tr>\n<tr>\n<td>AGSC 6.2.02<\/td>\n<td>fulvo amarelo (p\u00e1lido macho) (todas sp)<\/td>\n<\/tr>\n<tr>\n<td>AGSC 6.2.03<\/td>\n<td>fulvo amarelo (p\u00e1lido) f\u00eamea (todas sp )<\/td>\n<\/tr>\n<tr>\n<td>AGSC 6.2.04<\/td>\n<td>fulvo bronze macho<\/td>\n<\/tr>\n<tr>\n<td>AGSC 6.2.05<\/td>\n<td>fulvo bronze f\u00eamea<\/td>\n<\/tr>\n<tr>\n<td>AGSC 6.2.06<\/td>\n<td>dilu\u00eddo macho<\/td>\n<\/tr>\n<tr>\n<td>AGSC 6.2.07<\/td>\n<td>dilu\u00eddo f\u00eamea<\/td>\n<\/tr>\n<tr>\n<td>AGSC 6.2.08<\/td>\n<td>esfuma\u00e7ado macho<\/td>\n<\/tr>\n<tr>\n<td>AGSC 6.2.09<\/td>\n<td>esfuma\u00e7ado f\u00eamea<\/td>\n<\/tr>\n<tr>\n<td>AGSC X06.2<\/td>\n<td>outros<\/td>\n<\/tr>\n<\/tbody>\n<\/table>\n<h3>Subgrupo 06-3<\/h3>\n<p>Fundo amarelo com fator escuro fator simples (SF) e duplo (DF).<\/p>\n<table class=\"col2-esq\">\n<colgroup>\n<col \/>\n<col width=\"85%\" \/><\/colgroup>\n<tbody>\n<tr>\n<td>AGSC 6.3.00<\/td>\n<td>verde macho com fator escuro fator simples (SF) e duplo (DF)<\/td>\n<\/tr>\n<tr>\n<td>AGSC 6.3.01<\/td>\n<td>verde f\u00eamea com fator escuro fator simples (SF) e duplo (DF)<\/td>\n<\/tr>\n<tr>\n<td>AGSC 6.3.02<\/td>\n<td>fulvo amarelo (p\u00e1lido) macho com fator escuro fator simples (SF) e duplo (DF)<\/td>\n<\/tr>\n<tr>\n<td>AGSC 6.3.03<\/td>\n<td>fulvo amarelo (p\u00e1lido)f\u00eameacom fator escuro fator simples (SF) e duplo (DF)<\/td>\n<\/tr>\n<tr>\n<td>AGSC 6.3.04<\/td>\n<td>fulvo bronze macho com fator escuro fator simples (SF) e duplo (DF)<\/td>\n<\/tr>\n<tr>\n<td>AGSC 6.3.05<\/td>\n<td>fulvo bronze f\u00eamea com fator escuro fator simples (SF) e duplo (DF)<\/td>\n<\/tr>\n<tr>\n<td>AGSC 6.3.06<\/td>\n<td>dilu\u00eddo macho com fator escuro fator simples (SF) e duplo (DF)<\/td>\n<\/tr>\n<tr>\n<td>AGSC 6.3.07<\/td>\n<td>dilu\u00eddo f\u00eamea com fator escuro fator simples (SF) e duplo (DF)<\/td>\n<\/tr>\n<tr>\n<td>AGSC 6.3.08<\/td>\n<td>esfuma\u00e7ado macho com fator escuro fator simples (SF) e duplo (DF)<\/td>\n<\/tr>\n<tr>\n<td>AGSC 6.3.09<\/td>\n<td>esfuma\u00e7ado f\u00eamea com fator escuro fator simples (SF) e duplo (DF)<\/td>\n<\/tr>\n<tr>\n<td>AGSC X06.3<\/td>\n<td>outros<\/td>\n<\/tr>\n<\/tbody>\n<\/table>\n<h3>Subgrupo 06-4<\/h3>\n<p>Fundo aqua com fator escuro fator simples (SF) e duplo (DF).<\/p>\n<table class=\"col2-esq\">\n<colgroup>\n<col \/>\n<col width=\"85%\" \/><\/colgroup>\n<tbody>\n<tr>\n<td>AGSC 6.4.00<\/td>\n<td>aqua macho com fator escuro fator simples (SF) e duplo (DF)<\/td>\n<\/tr>\n<tr>\n<td>AGSC 6.4.01<\/td>\n<td>aqua f\u00eamea com fator escuro fator simples (SF) e duplo (DF)<\/td>\n<\/tr>\n<tr>\n<td>AGSC 6.4.02<\/td>\n<td>fulvo amarelo (p\u00e1lido) macho com fator escuro fator simples (SF) e duplo (DF)<\/td>\n<\/tr>\n<tr>\n<td>AGSC 6.4.03<\/td>\n<td>fulvo amarelo (p\u00e1lido) f\u00eamea com fator escuro fator simples (SF) e duplo (DF)<\/td>\n<\/tr>\n<tr>\n<td>AGSC 6.4.04<\/td>\n<td>fulvo bronze macho com fator escuro fator simples (SF) e duplo (DF)<\/td>\n<\/tr>\n<tr>\n<td>AGSC 6.4.05<\/td>\n<td>fulvo bronze f\u00eamea com fator escuro fator simples (SF) e duplo (DF)<\/td>\n<\/tr>\n<tr>\n<td>AGSC 6.4.06<\/td>\n<td>dilu\u00eddo macho com fator escuro fator simples (SF) e duplo (DF)<\/td>\n<\/tr>\n<tr>\n<td>AGSC 6.4.07<\/td>\n<td>dilu\u00eddo f\u00eamea com fator escuro fator simples (SF) e duplo (DF)<\/td>\n<\/tr>\n<tr>\n<td>AGSC 6.4.08<\/td>\n<td>esfuma\u00e7ado macho com fator escuro fator simples (SF) e duplo (DF)<\/td>\n<\/tr>\n<tr>\n<td>AGSC 6.4.09<\/td>\n<td>esfuma\u00e7ado f\u00eamea com fator escuro fator simples (SF) e duplo (DF)<\/td>\n<\/tr>\n<tr>\n<td>AGSC X06.4<\/td>\n<td>outros<\/td>\n<\/tr>\n<\/tbody>\n<\/table>\n<p><\/p>\n","protected":false},"excerpt":{"rendered":"<p>Subgrupo 06-1 Fundo amarelo exceto com fator escuro. AGSC 6.1.00 verde macho (todas sp) AGSC 6.1.01 verde f\u00eamea (todas sp ) AGSC 6.1.02 fulvo amarelo macho (todas sp) AGSC 6.1.03 fulvo amarelo f\u00eamea (todas sp ) AGSC 6.1.04 fulvo bronze macho AGSC 6.1.05 fulvo bronze f\u00eamea AGSC 6.1.06 dilu\u00eddo macho AGSC 6.1.07 dilu\u00eddo f\u00eamea AGSC [&hellip;]<\/p>\n","protected":false},"author":1,"featured_media":0,"parent":348,"menu_order":6,"comment_status":"closed","ping_status":"closed","template":"","meta":{"_acf_changed":false,"footnotes":"","_links_to":"","_links_to_target":""},"class_list":["post-825","page","type-page","status-publish","hentry"],"acf":[],"_links":{"self":[{"href":"https:\/\/agasscom.org\/site\/wp-json\/wp\/v2\/pages\/825","targetHints":{"allow":["GET"]}}],"collection":[{"href":"https:\/\/agasscom.org\/site\/wp-json\/wp\/v2\/pages"}],"about":[{"href":"https:\/\/agasscom.org\/site\/wp-json\/wp\/v2\/types\/page"}],"author":[{"embeddable":true,"href":"https:\/\/agasscom.org\/site\/wp-json\/wp\/v2\/users\/1"}],"replies":[{"embeddable":true,"href":"https:\/\/agasscom.org\/site\/wp-json\/wp\/v2\/comments?post=825"}],"version-history":[{"count":3,"href":"https:\/\/agasscom.org\/site\/wp-json\/wp\/v2\/pages\/825\/revisions"}],"predecessor-version":[{"id":1001,"href":"https:\/\/agasscom.org\/site\/wp-json\/wp\/v2\/pages\/825\/revisions\/1001"}],"up":[{"embeddable":true,"href":"https:\/\/agasscom.org\/site\/wp-json\/wp\/v2\/pages\/348"}],"wp:attachment":[{"href":"https:\/\/agasscom.org\/site\/wp-json\/wp\/v2\/media?parent=825"}],"curies":[{"name":"wp","href":"https:\/\/api.w.org\/{rel}","templated":true}]}}