{"id":828,"date":"2017-11-13T06:47:26","date_gmt":"2017-11-13T08:47:26","guid":{"rendered":"http:\/\/agasscom.org\/site\/?page_id=828"},"modified":"2017-11-29T17:53:24","modified_gmt":"2017-11-29T19:53:24","slug":"grupo-7-agapornis-pullarius","status":"publish","type":"page","link":"https:\/\/agasscom.org\/site\/pt\/padroes-e-nomenclatura\/nomenclatura-agasscom\/grupo-7-agapornis-pullarius\/","title":{"rendered":"GRUPO 7 \u2013 Agapornis pullarius"},"content":{"rendered":"<h3>Subgrupo 07-1<\/h3>\n<p>Fundo amarelo.<\/p>\n<table class=\"col2-esq\">\n<colgroup>\n<col \/>\n<col width=\"85%\" \/><\/colgroup>\n<tbody>\n<tr>\n<td>AGSC 7.1.00<\/td>\n<td>verde macho (todas sp)<\/td>\n<\/tr>\n<tr>\n<td>AGSC 7.1.01<\/td>\n<td>verde f\u00eamea (todas sp )<\/td>\n<\/tr>\n<tr>\n<td>AGSC 7.1.02<\/td>\n<td>lutino (machos e f\u00eameas)<\/td>\n<\/tr>\n<tr>\n<td>AGSC X07.1<\/td>\n<td>outros (machos e f\u00eameas todas sp)<\/td>\n<\/tr>\n<\/tbody>\n<\/table>\n<p><\/p>\n","protected":false},"excerpt":{"rendered":"<p>Subgrupo 07-1 Fundo amarelo. AGSC 7.1.00 verde macho (todas sp) AGSC 7.1.01 verde f\u00eamea (todas sp ) AGSC 7.1.02 lutino (machos e f\u00eameas) AGSC X07.1 outros (machos e f\u00eameas todas sp)<\/p>\n","protected":false},"author":1,"featured_media":0,"parent":348,"menu_order":7,"comment_status":"closed","ping_status":"closed","template":"","meta":{"_acf_changed":false,"footnotes":"","_links_to":"","_links_to_target":""},"class_list":["post-828","page","type-page","status-publish","hentry"],"acf":[],"_links":{"self":[{"href":"https:\/\/agasscom.org\/site\/wp-json\/wp\/v2\/pages\/828","targetHints":{"allow":["GET"]}}],"collection":[{"href":"https:\/\/agasscom.org\/site\/wp-json\/wp\/v2\/pages"}],"about":[{"href":"https:\/\/agasscom.org\/site\/wp-json\/wp\/v2\/types\/page"}],"author":[{"embeddable":true,"href":"https:\/\/agasscom.org\/site\/wp-json\/wp\/v2\/users\/1"}],"replies":[{"embeddable":true,"href":"https:\/\/agasscom.org\/site\/wp-json\/wp\/v2\/comments?post=828"}],"version-history":[{"count":3,"href":"https:\/\/agasscom.org\/site\/wp-json\/wp\/v2\/pages\/828\/revisions"}],"predecessor-version":[{"id":1002,"href":"https:\/\/agasscom.org\/site\/wp-json\/wp\/v2\/pages\/828\/revisions\/1002"}],"up":[{"embeddable":true,"href":"https:\/\/agasscom.org\/site\/wp-json\/wp\/v2\/pages\/348"}],"wp:attachment":[{"href":"https:\/\/agasscom.org\/site\/wp-json\/wp\/v2\/media?parent=828"}],"curies":[{"name":"wp","href":"https:\/\/api.w.org\/{rel}","templated":true}]}}