{"id":832,"date":"2017-11-13T06:50:25","date_gmt":"2017-11-13T08:50:25","guid":{"rendered":"http:\/\/agasscom.org\/site\/?page_id=832"},"modified":"2017-11-29T17:59:03","modified_gmt":"2017-11-29T19:59:03","slug":"grupo-8-agapornis-canus","status":"publish","type":"page","link":"https:\/\/agasscom.org\/site\/pt\/padroes-e-nomenclatura\/nomenclatura-agasscom\/grupo-8-agapornis-canus\/","title":{"rendered":"GRUPO 8 \u2013 Agapornis canus"},"content":{"rendered":"<h3>Subgrupo 08-1<\/h3>\n<p>Fundo amarelo.<\/p>\n<table class=\"col2-esq\">\n<colgroup>\n<col \/>\n<col width=\"85%\" \/><\/colgroup>\n<tbody>\n<tr>\n<td>AGSC 8.1.00<\/td>\n<td>verde macho sp canus<\/td>\n<\/tr>\n<tr>\n<td>AGSC 8.1.01<\/td>\n<td>verde macho sp ablactanea<\/td>\n<\/tr>\n<tr>\n<td>AGSC 8.1.02<\/td>\n<td>verde f\u00eamea sp canus<\/td>\n<\/tr>\n<tr>\n<td>AGSC 8.1.03<\/td>\n<td>verde f\u00eamea sp ablactanea<\/td>\n<\/tr>\n<tr>\n<td>AGSC X08.1<\/td>\n<td>outros (machos e f\u00eameas)<\/td>\n<\/tr>\n<\/tbody>\n<\/table>\n<p><\/p>\n","protected":false},"excerpt":{"rendered":"<p>Subgrupo 08-1 Fundo amarelo. AGSC 8.1.00 verde macho sp canus AGSC 8.1.01 verde macho sp ablactanea AGSC 8.1.02 verde f\u00eamea sp canus AGSC 8.1.03 verde f\u00eamea sp ablactanea AGSC X08.1 outros (machos e f\u00eameas)<\/p>\n","protected":false},"author":1,"featured_media":0,"parent":348,"menu_order":8,"comment_status":"closed","ping_status":"closed","template":"","meta":{"_acf_changed":false,"footnotes":"","_links_to":"","_links_to_target":""},"class_list":["post-832","page","type-page","status-publish","hentry"],"acf":[],"_links":{"self":[{"href":"https:\/\/agasscom.org\/site\/wp-json\/wp\/v2\/pages\/832","targetHints":{"allow":["GET"]}}],"collection":[{"href":"https:\/\/agasscom.org\/site\/wp-json\/wp\/v2\/pages"}],"about":[{"href":"https:\/\/agasscom.org\/site\/wp-json\/wp\/v2\/types\/page"}],"author":[{"embeddable":true,"href":"https:\/\/agasscom.org\/site\/wp-json\/wp\/v2\/users\/1"}],"replies":[{"embeddable":true,"href":"https:\/\/agasscom.org\/site\/wp-json\/wp\/v2\/comments?post=832"}],"version-history":[{"count":3,"href":"https:\/\/agasscom.org\/site\/wp-json\/wp\/v2\/pages\/832\/revisions"}],"predecessor-version":[{"id":1004,"href":"https:\/\/agasscom.org\/site\/wp-json\/wp\/v2\/pages\/832\/revisions\/1004"}],"up":[{"embeddable":true,"href":"https:\/\/agasscom.org\/site\/wp-json\/wp\/v2\/pages\/348"}],"wp:attachment":[{"href":"https:\/\/agasscom.org\/site\/wp-json\/wp\/v2\/media?parent=832"}],"curies":[{"name":"wp","href":"https:\/\/api.w.org\/{rel}","templated":true}]}}